{"id":18631,"date":"2020-09-15T15:55:49","date_gmt":"2020-09-15T13:55:49","guid":{"rendered":"https:\/\/www.rgequip.com\/?post_type=product&#038;p=18631"},"modified":"2020-09-15T16:26:42","modified_gmt":"2020-09-15T14:26:42","slug":"centrifugeuse-miracle-edition-68","status":"publish","type":"product","link":"https:\/\/www.rgequip.com\/?product=centrifugeuse-miracle-edition-68","title":{"rendered":"CENTRIFUGEUSE &#8220;MIRACLE EDITION&#8221; 68"},"content":{"rendered":"<h3>DESCRIPTION<\/h3>\n<div class=\"block_slide\">\n<p><b>La centrifugeuse &#8220;Miracle Edition&#8221; N\u00b068 est le r\u00e9sultat des 60 ann\u00e9es d&#8217;exp\u00e9rience de Santos dans le domaine des jus de fruits et l\u00e9gumes frais. Puissante,\u00a0robuste\u00a0et facile \u00e0 nettoyer, c&#8217;est l&#8217;outil incontournable des bars \u00e0 jus.<\/b><\/p>\n<p>L&#8217;\u00e9dition Miracle offre une grande efficacit\u00e9 et est adapt\u00e9e \u00e0 une utilisation intensive.<\/p>\n<p>Filtration parfaite pour un jus de grande qualit\u00e9:\u00a0grand panier avec tamis tr\u00e8s fin\u00a0(trous de 0.5 mm \/ 0.02&#8221;).<\/p>\n<p>Zone alimentaire tout en inox (pas d&#8217;aluminium).<\/p>\n<p>Large introduction: 79.5 mm. Laisse passer des fruits et l\u00e9gumes entiers.<\/p>\n<p>Syst\u00e8me brevet\u00e9 Ezy-clean\u2122 II : couvercle, cuve et panier amovibles (sans outil). Fiable et robuste pour une fixation parfaite du panier.<\/p>\n<p>Hauteur du bec: 228 mm (9&#8243;), pour r\u00e9aliser du jus en continu au pichet ou au verre \u00e0 verre.<\/p>\n<p>D\u00e9bit exceptionnel: 140 l\/h.<\/p>\n<\/div>\n","protected":false},"excerpt":{"rendered":"<p>DESCRIPTION La centrifugeuse &#8220;Miracle Edition&#8221; N\u00b068 est le r\u00e9sultat des 60 ann\u00e9es d&#8217;exp\u00e9rience de Santos dans le domaine des jus<\/p>\n","protected":false},"featured_media":18637,"comment_status":"open","ping_status":"closed","template":"","meta":[],"product_brand":[],"product_cat":[314,325,323],"product_tag":[],"class_list":{"0":"post-18631","1":"product","2":"type-product","3":"status-publish","4":"has-post-thumbnail","6":"product_cat-cafe-bar","7":"product_cat-centrifugeuses","8":"product_cat-jus-de-fruit","10":"first","11":"instock","12":"shipping-taxable","13":"product-type-simple"},"_links":{"self":[{"href":"https:\/\/www.rgequip.com\/index.php?rest_route=\/wp\/v2\/product\/18631","targetHints":{"allow":["GET"]}}],"collection":[{"href":"https:\/\/www.rgequip.com\/index.php?rest_route=\/wp\/v2\/product"}],"about":[{"href":"https:\/\/www.rgequip.com\/index.php?rest_route=\/wp\/v2\/types\/product"}],"replies":[{"embeddable":true,"href":"https:\/\/www.rgequip.com\/index.php?rest_route=%2Fwp%2Fv2%2Fcomments&post=18631"}],"version-history":[{"count":1,"href":"https:\/\/www.rgequip.com\/index.php?rest_route=\/wp\/v2\/product\/18631\/revisions"}],"predecessor-version":[{"id":18639,"href":"https:\/\/www.rgequip.com\/index.php?rest_route=\/wp\/v2\/product\/18631\/revisions\/18639"}],"wp:featuredmedia":[{"embeddable":true,"href":"https:\/\/www.rgequip.com\/index.php?rest_route=\/wp\/v2\/media\/18637"}],"wp:attachment":[{"href":"https:\/\/www.rgequip.com\/index.php?rest_route=%2Fwp%2Fv2%2Fmedia&parent=18631"}],"wp:term":[{"taxonomy":"product_brand","embeddable":true,"href":"https:\/\/www.rgequip.com\/index.php?rest_route=%2Fwp%2Fv2%2Fproduct_brand&post=18631"},{"taxonomy":"product_cat","embeddable":true,"href":"https:\/\/www.rgequip.com\/index.php?rest_route=%2Fwp%2Fv2%2Fproduct_cat&post=18631"},{"taxonomy":"product_tag","embeddable":true,"href":"https:\/\/www.rgequip.com\/index.php?rest_route=%2Fwp%2Fv2%2Fproduct_tag&post=18631"}],"curies":[{"name":"wp","href":"https:\/\/api.w.org\/{rel}","templated":true}]}}