{"id":18627,"date":"2020-09-15T13:16:51","date_gmt":"2020-09-15T11:16:51","guid":{"rendered":"https:\/\/www.rgequip.com\/?post_type=product&#038;p=18627"},"modified":"2020-09-15T13:16:52","modified_gmt":"2020-09-15T11:16:52","slug":"moulin-a-cafe-grinta-couleur-noire","status":"publish","type":"product","link":"https:\/\/www.rgequip.com\/?product=moulin-a-cafe-grinta-couleur-noire","title":{"rendered":"MOULIN A CAF\u00c9 GRINTA Couleur Noire"},"content":{"rendered":"<p class=\"product-description\">Broyeur semi-professionnel \u00e0 la demande avec dosage chronom\u00e9tr\u00e9.<\/p>\n<p class=\"product-description\">En plus, il est Id\u00e9ale pour toutes les utilisations semi-professionnelles: pour les seconds m\u00e9langes de caf\u00e9, pour les pi\u00e8ces \u00e0 faible consommation.<\/p>\n<p><span class=\"dedicated-to\">\u00a0D\u00e9di\u00e9 \u00e0<\/span><\/p>\n<ul class=\"target-customers\">\n<li>Des bureaux<\/li>\n<\/ul>\n<p>Chambres basse consommation<\/p>\n<h2 class=\"table-header\">Avantages<\/h2>\n<div class=\"paragraph\">\n<p>Premi\u00e8rement, Le moteur puissant qui agit sur les moulins de 50 mm garantit une mouture uniforme sans surchauffer le caf\u00e9.<\/p>\n<p>En plus, Son design et ses couleurs originaux permettent de l&#8217;associer facilement aux machines \u00e0 caf\u00e9 expresso professionnelles ou semi-professionnelles.<\/p>\n<\/div>\n<div class=\"paragraph\">\n<p>Fiables, s\u00fbrs et dot\u00e9s de toutes les caract\u00e9ristiques technologiques, les broyeurs Grinta garantissent un broyage parfait pour les locaux \u00e0 faible consommation, le bureau et la maison.<\/p>\n<\/div>\n<div class=\"paragraph\">\n<p>\u00a0Disponible dans la version manuelle et dans la version avec dosage temporis\u00e9.<\/p>\n<\/div>\n","protected":false},"excerpt":{"rendered":"<p>Broyeur semi-professionnel \u00e0 la demande avec dosage chronom\u00e9tr\u00e9. En plus, il est Id\u00e9ale pour toutes les utilisations semi-professionnelles: pour les<\/p>\n","protected":false},"featured_media":18628,"comment_status":"open","ping_status":"closed","template":"","meta":[],"product_brand":[],"product_cat":[314,315,317],"product_tag":[],"class_list":{"0":"post-18627","1":"product","2":"type-product","3":"status-publish","4":"has-post-thumbnail","6":"product_cat-cafe-bar","7":"product_cat-cafe","8":"product_cat-moulin-a-cafe","10":"first","11":"instock","12":"shipping-taxable","13":"product-type-simple"},"_links":{"self":[{"href":"https:\/\/www.rgequip.com\/index.php?rest_route=\/wp\/v2\/product\/18627","targetHints":{"allow":["GET"]}}],"collection":[{"href":"https:\/\/www.rgequip.com\/index.php?rest_route=\/wp\/v2\/product"}],"about":[{"href":"https:\/\/www.rgequip.com\/index.php?rest_route=\/wp\/v2\/types\/product"}],"replies":[{"embeddable":true,"href":"https:\/\/www.rgequip.com\/index.php?rest_route=%2Fwp%2Fv2%2Fcomments&post=18627"}],"version-history":[{"count":0,"href":"https:\/\/www.rgequip.com\/index.php?rest_route=\/wp\/v2\/product\/18627\/revisions"}],"wp:featuredmedia":[{"embeddable":true,"href":"https:\/\/www.rgequip.com\/index.php?rest_route=\/wp\/v2\/media\/18628"}],"wp:attachment":[{"href":"https:\/\/www.rgequip.com\/index.php?rest_route=%2Fwp%2Fv2%2Fmedia&parent=18627"}],"wp:term":[{"taxonomy":"product_brand","embeddable":true,"href":"https:\/\/www.rgequip.com\/index.php?rest_route=%2Fwp%2Fv2%2Fproduct_brand&post=18627"},{"taxonomy":"product_cat","embeddable":true,"href":"https:\/\/www.rgequip.com\/index.php?rest_route=%2Fwp%2Fv2%2Fproduct_cat&post=18627"},{"taxonomy":"product_tag","embeddable":true,"href":"https:\/\/www.rgequip.com\/index.php?rest_route=%2Fwp%2Fv2%2Fproduct_tag&post=18627"}],"curies":[{"name":"wp","href":"https:\/\/api.w.org\/{rel}","templated":true}]}}