{"id":18618,"date":"2020-09-15T11:44:05","date_gmt":"2020-09-15T09:44:05","guid":{"rendered":"https:\/\/www.rgequip.com\/?post_type=product&#038;p=18618"},"modified":"2020-09-15T13:07:27","modified_gmt":"2020-09-15T11:07:27","slug":"machine-a-cafe-oscar-2-couleur-noire","status":"publish","type":"product","link":"https:\/\/www.rgequip.com\/?product=machine-a-cafe-oscar-2-couleur-noire","title":{"rendered":"Machine \u00e0 caf\u00e9 OSCAR 2 Couleur noire"},"content":{"rendered":"<h1 class=\"product-title padded\">Oscar II<\/h1>\n<p class=\"product-description\">\u00a0Machine performante gr\u00e2ce \u00e0 des composants professionnels tels que le porte-filtre, le groupe thermocompens\u00e9 et la lance \u00e0 vapeur \u00e0 haute productivit\u00e9.<\/p>\n<p class=\"product-description\">Seulement 32 centim\u00e8tres de large et gr\u00e2ce \u00e0 la carrosserie en acier inoxydable, en plus,l&#8217;Oscar II s&#8217;adapte \u00e0 tous les petits espaces d&#8217;une cuisine, d&#8217;un coin caf\u00e9, d&#8217;un bureau ou d&#8217;un Bed &amp; Breakfast, garantissant un produit de la plus haute qualit\u00e9 \u00e0 ceux qui aiment le caf\u00e9. .<\/p>\n<p><span class=\"dedicated-to\">D\u00e9di\u00e9 \u00e0<\/span><\/p>\n<ul class=\"target-customers\">\n<li>Familles<\/li>\n<li>Des bureaux<\/li>\n<li>Petits caf\u00e9s<\/li>\n<li>H\u00f4tels et B&amp;B<br \/>\n<h2 class=\"table-header\" style=\"text-align: left\">Avantages<\/h2>\n<p class=\"table-header\" style=\"text-align: left\"><strong>MAT\u00c9RIAUX DE QUALIT\u00c9<\/strong><\/p>\n<div class=\"paragraph\" style=\"text-align: left\"><\/div>\n<div class=\"paragraph\" style=\"text-align: left\">\n<div class=\"content-paragraph\"><\/div>\n<\/div>\n<div class=\"paragraph\" style=\"text-align: left\">\n<div class=\"title-paragraph\"><strong>EXTRACTIONS PARFAITES<\/strong><\/div>\n<div class=\"content-paragraph\"><\/div>\n<\/div>\n<div class=\"paragraph\" style=\"text-align: left\">\n<div class=\"title-paragraph\"><strong>COMPACT<\/strong><\/div>\n<div class=\"content-paragraph\"><\/div>\n<\/div>\n<div class=\"paragraph\">\n<div class=\"title-paragraph\" style=\"text-align: left\"><strong>SOUPLE<\/strong><\/div>\n<div class=\"content-paragraph\" style=\"text-align: left\"><\/div>\n<\/div>\n<\/li>\n<\/ul>\n","protected":false},"excerpt":{"rendered":"<p>Oscar II \u00a0Machine performante gr\u00e2ce \u00e0 des composants professionnels tels que le porte-filtre, le groupe thermocompens\u00e9 et la lance \u00e0<\/p>\n","protected":false},"featured_media":18626,"comment_status":"open","ping_status":"closed","template":"","meta":[],"product_brand":[],"product_cat":[314,315,316],"product_tag":[],"class_list":{"0":"post-18618","1":"product","2":"type-product","3":"status-publish","4":"has-post-thumbnail","6":"product_cat-cafe-bar","7":"product_cat-cafe","8":"product_cat-machine-a-cafe","10":"first","11":"instock","12":"shipping-taxable","13":"product-type-simple"},"_links":{"self":[{"href":"https:\/\/www.rgequip.com\/index.php?rest_route=\/wp\/v2\/product\/18618","targetHints":{"allow":["GET"]}}],"collection":[{"href":"https:\/\/www.rgequip.com\/index.php?rest_route=\/wp\/v2\/product"}],"about":[{"href":"https:\/\/www.rgequip.com\/index.php?rest_route=\/wp\/v2\/types\/product"}],"replies":[{"embeddable":true,"href":"https:\/\/www.rgequip.com\/index.php?rest_route=%2Fwp%2Fv2%2Fcomments&post=18618"}],"version-history":[{"count":1,"href":"https:\/\/www.rgequip.com\/index.php?rest_route=\/wp\/v2\/product\/18618\/revisions"}],"predecessor-version":[{"id":18620,"href":"https:\/\/www.rgequip.com\/index.php?rest_route=\/wp\/v2\/product\/18618\/revisions\/18620"}],"wp:featuredmedia":[{"embeddable":true,"href":"https:\/\/www.rgequip.com\/index.php?rest_route=\/wp\/v2\/media\/18626"}],"wp:attachment":[{"href":"https:\/\/www.rgequip.com\/index.php?rest_route=%2Fwp%2Fv2%2Fmedia&parent=18618"}],"wp:term":[{"taxonomy":"product_brand","embeddable":true,"href":"https:\/\/www.rgequip.com\/index.php?rest_route=%2Fwp%2Fv2%2Fproduct_brand&post=18618"},{"taxonomy":"product_cat","embeddable":true,"href":"https:\/\/www.rgequip.com\/index.php?rest_route=%2Fwp%2Fv2%2Fproduct_cat&post=18618"},{"taxonomy":"product_tag","embeddable":true,"href":"https:\/\/www.rgequip.com\/index.php?rest_route=%2Fwp%2Fv2%2Fproduct_tag&post=18618"}],"curies":[{"name":"wp","href":"https:\/\/api.w.org\/{rel}","templated":true}]}}