{"id":18599,"date":"2020-09-14T17:21:58","date_gmt":"2020-09-14T15:21:58","guid":{"rendered":"https:\/\/www.rgequip.com\/?post_type=product&#038;p=18599"},"modified":"2020-09-14T17:21:58","modified_gmt":"2020-09-14T15:21:58","slug":"couteau-a-jambon-manche-forge-215-mm","status":"publish","type":"product","link":"https:\/\/www.rgequip.com\/?product=couteau-a-jambon-manche-forge-215-mm","title":{"rendered":"Couteau A Jambon manche forg\u00e9 215 mm"},"content":{"rendered":"<h2 class=\"product-description-header\">R\u00e9sum\u00e9<\/h2>\n<div class=\"product attribute description\">\n<div class=\"value\">Fabriqu\u00e9 d\u2019une pi\u00e8ce d\u2019acier au chrome-molybd\u00e8ne forge tr\u00e8s dure Gr\u00e2ce \u00e0 la haute qualit\u00e9 de la finition et le savoir-faire,<\/div>\n<div class=\"value\">les couteaux Hendi sont tr\u00e8s solides et r\u00e9sistants \u00e0 la corrosion et ils restent aiguis\u00e9s durablement.<\/div>\n<div class=\"value\">La forme unique de la manche \u00e9vite que les restes de nourriture s\u2019incrustent entre la lame et la manche.<\/div>\n<div class=\"value\">\u00a0Avec manche en plastique POM noir.<\/div>\n<\/div>\n","protected":false},"excerpt":{"rendered":"<p>R\u00e9sum\u00e9 Fabriqu\u00e9 d\u2019une pi\u00e8ce d\u2019acier au chrome-molybd\u00e8ne forge tr\u00e8s dure Gr\u00e2ce \u00e0 la haute qualit\u00e9 de la finition et le<\/p>\n","protected":false},"featured_media":18600,"comment_status":"open","ping_status":"closed","template":"","meta":[],"product_brand":[],"product_cat":[337,340,355],"product_tag":[],"class_list":{"0":"post-18599","1":"product","2":"type-product","3":"status-publish","4":"has-post-thumbnail","6":"product_cat-preparation","7":"product_cat-accessoires-preparation","8":"product_cat-ustensils","10":"first","11":"instock","12":"shipping-taxable","13":"product-type-simple"},"_links":{"self":[{"href":"https:\/\/www.rgequip.com\/index.php?rest_route=\/wp\/v2\/product\/18599","targetHints":{"allow":["GET"]}}],"collection":[{"href":"https:\/\/www.rgequip.com\/index.php?rest_route=\/wp\/v2\/product"}],"about":[{"href":"https:\/\/www.rgequip.com\/index.php?rest_route=\/wp\/v2\/types\/product"}],"replies":[{"embeddable":true,"href":"https:\/\/www.rgequip.com\/index.php?rest_route=%2Fwp%2Fv2%2Fcomments&post=18599"}],"version-history":[{"count":0,"href":"https:\/\/www.rgequip.com\/index.php?rest_route=\/wp\/v2\/product\/18599\/revisions"}],"wp:featuredmedia":[{"embeddable":true,"href":"https:\/\/www.rgequip.com\/index.php?rest_route=\/wp\/v2\/media\/18600"}],"wp:attachment":[{"href":"https:\/\/www.rgequip.com\/index.php?rest_route=%2Fwp%2Fv2%2Fmedia&parent=18599"}],"wp:term":[{"taxonomy":"product_brand","embeddable":true,"href":"https:\/\/www.rgequip.com\/index.php?rest_route=%2Fwp%2Fv2%2Fproduct_brand&post=18599"},{"taxonomy":"product_cat","embeddable":true,"href":"https:\/\/www.rgequip.com\/index.php?rest_route=%2Fwp%2Fv2%2Fproduct_cat&post=18599"},{"taxonomy":"product_tag","embeddable":true,"href":"https:\/\/www.rgequip.com\/index.php?rest_route=%2Fwp%2Fv2%2Fproduct_tag&post=18599"}],"curies":[{"name":"wp","href":"https:\/\/api.w.org\/{rel}","templated":true}]}}