{"id":18597,"date":"2020-09-14T16:53:30","date_gmt":"2020-09-14T14:53:30","guid":{"rendered":"https:\/\/www.rgequip.com\/?post_type=product&#038;p=18597"},"modified":"2021-06-18T11:28:58","modified_gmt":"2021-06-18T09:28:58","slug":"fusil-aiguiseur-230-mm","status":"publish","type":"product","link":"https:\/\/www.rgequip.com\/?product=fusil-aiguiseur-230-mm","title":{"rendered":"Fusil \/Aiguiseur de couteau 230mm"},"content":{"rendered":"<h2 class=\"product-description-header\">R\u00e9sum\u00e9<\/h2>\n<div class=\"product attribute description\">\n<div class=\"value\">Fabriqu\u00e9 d\u2019une pi\u00e8ce d\u2019acier au chrome-molybd\u00e8ne forge tr\u00e8s dure. Gr\u00e2ce \u00e0 la haute qualit\u00e9 de la finition et le savoir-faire, les <a href=\"https:\/\/www.rgequip.com\/product-category\/preparation\/accessoires-preparation\/ustensils\/\">couteaux<\/a> <a href=\"https:\/\/www.hendi.eu\/fr\/fusil-4264.html\" target=\"_blank\">Hendi<\/a> sont tr\u00e8s solides et r\u00e9sistants \u00e0 la corrosion et ils restent aiguis\u00e9s durablement. De plus, la forme unique de la manche permet d&#8217;\u00e9viter que les restes de nourriture s\u2019incrustent entre la lame et la manche. De m\u00eame, chaque couteau est emball\u00e9 individuellement dans un blister de pr\u00e9sentation en PET. Enfin, Il poss\u00e8de une manche en plastique PBT noir.<\/div>\n<\/div>\n","protected":false},"excerpt":{"rendered":"<p>R\u00e9sum\u00e9 Fabriqu\u00e9 d\u2019une pi\u00e8ce d\u2019acier au chrome-molybd\u00e8ne forge tr\u00e8s dure. Gr\u00e2ce \u00e0 la haute qualit\u00e9 de la finition et le<\/p>\n","protected":false},"featured_media":18598,"comment_status":"open","ping_status":"closed","template":"","meta":[],"product_brand":[],"product_cat":[337,340,355],"product_tag":[],"class_list":{"0":"post-18597","1":"product","2":"type-product","3":"status-publish","4":"has-post-thumbnail","6":"product_cat-preparation","7":"product_cat-accessoires-preparation","8":"product_cat-ustensils","10":"first","11":"instock","12":"shipping-taxable","13":"product-type-simple"},"_links":{"self":[{"href":"https:\/\/www.rgequip.com\/index.php?rest_route=\/wp\/v2\/product\/18597","targetHints":{"allow":["GET"]}}],"collection":[{"href":"https:\/\/www.rgequip.com\/index.php?rest_route=\/wp\/v2\/product"}],"about":[{"href":"https:\/\/www.rgequip.com\/index.php?rest_route=\/wp\/v2\/types\/product"}],"replies":[{"embeddable":true,"href":"https:\/\/www.rgequip.com\/index.php?rest_route=%2Fwp%2Fv2%2Fcomments&post=18597"}],"version-history":[{"count":0,"href":"https:\/\/www.rgequip.com\/index.php?rest_route=\/wp\/v2\/product\/18597\/revisions"}],"wp:featuredmedia":[{"embeddable":true,"href":"https:\/\/www.rgequip.com\/index.php?rest_route=\/wp\/v2\/media\/18598"}],"wp:attachment":[{"href":"https:\/\/www.rgequip.com\/index.php?rest_route=%2Fwp%2Fv2%2Fmedia&parent=18597"}],"wp:term":[{"taxonomy":"product_brand","embeddable":true,"href":"https:\/\/www.rgequip.com\/index.php?rest_route=%2Fwp%2Fv2%2Fproduct_brand&post=18597"},{"taxonomy":"product_cat","embeddable":true,"href":"https:\/\/www.rgequip.com\/index.php?rest_route=%2Fwp%2Fv2%2Fproduct_cat&post=18597"},{"taxonomy":"product_tag","embeddable":true,"href":"https:\/\/www.rgequip.com\/index.php?rest_route=%2Fwp%2Fv2%2Fproduct_tag&post=18597"}],"curies":[{"name":"wp","href":"https:\/\/api.w.org\/{rel}","templated":true}]}}