{"id":18587,"date":"2020-09-14T16:09:37","date_gmt":"2020-09-14T14:09:37","guid":{"rendered":"https:\/\/www.rgequip.com\/?post_type=product&#038;p=18587"},"modified":"2020-09-14T16:09:38","modified_gmt":"2020-09-14T14:09:38","slug":"couteau-a-decouper-violet-150-mm","status":"publish","type":"product","link":"https:\/\/www.rgequip.com\/?product=couteau-a-decouper-violet-150-mm","title":{"rendered":"Couteau \u00e0 D\u00e9couper Violet 150 mm"},"content":{"rendered":"<h2 class=\"product-description-header\">R\u00e9sum\u00e9<\/h2>\n<div class=\"product attribute description\">\n<div class=\"value\">Manche en polypropyl\u00e8ne conforme aux normes HACCP.<\/div>\n<div>\n<p>Longueur de la lame\u00a0: 150 mm<\/p>\n<p>Longueur du couteau\u00a0: 280 mm<\/p>\n<\/div>\n<\/div>\n","protected":false},"excerpt":{"rendered":"<p>R\u00e9sum\u00e9 Manche en polypropyl\u00e8ne conforme aux normes HACCP. Longueur de la lame\u00a0: 150 mm Longueur du couteau\u00a0: 280 mm<\/p>\n","protected":false},"featured_media":18588,"comment_status":"open","ping_status":"closed","template":"","meta":[],"product_brand":[],"product_cat":[337,340,355],"product_tag":[],"class_list":{"0":"post-18587","1":"product","2":"type-product","3":"status-publish","4":"has-post-thumbnail","6":"product_cat-preparation","7":"product_cat-accessoires-preparation","8":"product_cat-ustensils","10":"first","11":"instock","12":"shipping-taxable","13":"product-type-simple"},"_links":{"self":[{"href":"https:\/\/www.rgequip.com\/index.php?rest_route=\/wp\/v2\/product\/18587","targetHints":{"allow":["GET"]}}],"collection":[{"href":"https:\/\/www.rgequip.com\/index.php?rest_route=\/wp\/v2\/product"}],"about":[{"href":"https:\/\/www.rgequip.com\/index.php?rest_route=\/wp\/v2\/types\/product"}],"replies":[{"embeddable":true,"href":"https:\/\/www.rgequip.com\/index.php?rest_route=%2Fwp%2Fv2%2Fcomments&post=18587"}],"version-history":[{"count":0,"href":"https:\/\/www.rgequip.com\/index.php?rest_route=\/wp\/v2\/product\/18587\/revisions"}],"wp:featuredmedia":[{"embeddable":true,"href":"https:\/\/www.rgequip.com\/index.php?rest_route=\/wp\/v2\/media\/18588"}],"wp:attachment":[{"href":"https:\/\/www.rgequip.com\/index.php?rest_route=%2Fwp%2Fv2%2Fmedia&parent=18587"}],"wp:term":[{"taxonomy":"product_brand","embeddable":true,"href":"https:\/\/www.rgequip.com\/index.php?rest_route=%2Fwp%2Fv2%2Fproduct_brand&post=18587"},{"taxonomy":"product_cat","embeddable":true,"href":"https:\/\/www.rgequip.com\/index.php?rest_route=%2Fwp%2Fv2%2Fproduct_cat&post=18587"},{"taxonomy":"product_tag","embeddable":true,"href":"https:\/\/www.rgequip.com\/index.php?rest_route=%2Fwp%2Fv2%2Fproduct_tag&post=18587"}],"curies":[{"name":"wp","href":"https:\/\/api.w.org\/{rel}","templated":true}]}}