{"id":18573,"date":"2020-09-14T15:25:40","date_gmt":"2020-09-14T13:25:40","guid":{"rendered":"https:\/\/www.rgequip.com\/?post_type=product&#038;p=18573"},"modified":"2020-09-14T15:25:41","modified_gmt":"2020-09-14T13:25:41","slug":"panier-corbeille-avec-couvercle-rolltop","status":"publish","type":"product","link":"https:\/\/www.rgequip.com\/?product=panier-corbeille-avec-couvercle-rolltop","title":{"rendered":"Panier  (Corbeille) avec couvercle rolltop"},"content":{"rendered":"<h2 class=\"product-description-header\">R\u00e9sum\u00e9<\/h2>\n<div class=\"product attribute description\">\n<div class=\"value\">Corbeille en polypropyl\u00e8ne renforc\u00e9 (poly-rotin). Couvercle rolltop en polycarbonate.<\/div>\n<div>\n<p>Dim\u00a0: 365*335*(H) 245 mm<\/p>\n<p>GN 2\/3<\/p><\/div>\n<\/div>\n","protected":false},"excerpt":{"rendered":"<p>R\u00e9sum\u00e9 Corbeille en polypropyl\u00e8ne renforc\u00e9 (poly-rotin). Couvercle rolltop en polycarbonate. Dim\u00a0: 365*335*(H) 245 mm GN 2\/3<\/p>\n","protected":false},"featured_media":18574,"comment_status":"open","ping_status":"closed","template":"","meta":[],"product_brand":[],"product_cat":[313,297,305],"product_tag":[],"class_list":{"0":"post-18573","1":"product","2":"type-product","3":"status-publish","4":"has-post-thumbnail","6":"product_cat-maintien-chaud","7":"product_cat-presentation-chaude","8":"product_cat-vitrine-chaude","10":"first","11":"instock","12":"shipping-taxable","13":"product-type-simple"},"_links":{"self":[{"href":"https:\/\/www.rgequip.com\/index.php?rest_route=\/wp\/v2\/product\/18573","targetHints":{"allow":["GET"]}}],"collection":[{"href":"https:\/\/www.rgequip.com\/index.php?rest_route=\/wp\/v2\/product"}],"about":[{"href":"https:\/\/www.rgequip.com\/index.php?rest_route=\/wp\/v2\/types\/product"}],"replies":[{"embeddable":true,"href":"https:\/\/www.rgequip.com\/index.php?rest_route=%2Fwp%2Fv2%2Fcomments&post=18573"}],"version-history":[{"count":0,"href":"https:\/\/www.rgequip.com\/index.php?rest_route=\/wp\/v2\/product\/18573\/revisions"}],"wp:featuredmedia":[{"embeddable":true,"href":"https:\/\/www.rgequip.com\/index.php?rest_route=\/wp\/v2\/media\/18574"}],"wp:attachment":[{"href":"https:\/\/www.rgequip.com\/index.php?rest_route=%2Fwp%2Fv2%2Fmedia&parent=18573"}],"wp:term":[{"taxonomy":"product_brand","embeddable":true,"href":"https:\/\/www.rgequip.com\/index.php?rest_route=%2Fwp%2Fv2%2Fproduct_brand&post=18573"},{"taxonomy":"product_cat","embeddable":true,"href":"https:\/\/www.rgequip.com\/index.php?rest_route=%2Fwp%2Fv2%2Fproduct_cat&post=18573"},{"taxonomy":"product_tag","embeddable":true,"href":"https:\/\/www.rgequip.com\/index.php?rest_route=%2Fwp%2Fv2%2Fproduct_tag&post=18573"}],"curies":[{"name":"wp","href":"https:\/\/api.w.org\/{rel}","templated":true}]}}