{"id":18565,"date":"2020-09-14T15:00:29","date_gmt":"2020-09-14T13:00:29","guid":{"rendered":"https:\/\/www.rgequip.com\/?post_type=product&#038;p=18565"},"modified":"2020-09-14T15:00:29","modified_gmt":"2020-09-14T13:00:29","slug":"fontaine-a-chocolat-3-niveaux","status":"publish","type":"product","link":"https:\/\/www.rgequip.com\/?product=fontaine-a-chocolat-3-niveaux","title":{"rendered":"Fontaine \u00e0 chocolat 3 niveaux"},"content":{"rendered":"<h2 class=\"product-description-header\">R\u00e9sum\u00e9<\/h2>\n<div class=\"product attribute description\">\n<div class=\"value\">Fait en inox.<\/div>\n<div class=\"value\">Avec fonction de maintien au chaud, la temp\u00e9rature est r\u00e9glable jusqu&#8217;\u00e0 45\u00b0C.<\/div>\n<ul>\n<li class=\"value\">Capacit\u00e9 minimale chocolat: 1 kg.<\/li>\n<li class=\"value\">Capacit\u00e9 maximale chocolat: 1,5 kg.<\/li>\n<\/ul>\n<div class=\"value\">De plus, il a des interrupteurs s\u00e9par\u00e9s pour le moteur et l&#8217;\u00e9l\u00e9ment chauffant.<\/div>\n<\/div>\n","protected":false},"excerpt":{"rendered":"<p>R\u00e9sum\u00e9 Fait en inox. Avec fonction de maintien au chaud, la temp\u00e9rature est r\u00e9glable jusqu&#8217;\u00e0 45\u00b0C. Capacit\u00e9 minimale chocolat: 1<\/p>\n","protected":false},"featured_media":18567,"comment_status":"open","ping_status":"closed","template":"","meta":[],"product_brand":[],"product_cat":[314,330,328],"product_tag":[],"class_list":{"0":"post-18565","1":"product","2":"type-product","3":"status-publish","4":"has-post-thumbnail","6":"product_cat-cafe-bar","7":"product_cat-chocolatiere","8":"product_cat-lait-chocolat","10":"first","11":"instock","12":"shipping-taxable","13":"product-type-simple"},"_links":{"self":[{"href":"https:\/\/www.rgequip.com\/index.php?rest_route=\/wp\/v2\/product\/18565","targetHints":{"allow":["GET"]}}],"collection":[{"href":"https:\/\/www.rgequip.com\/index.php?rest_route=\/wp\/v2\/product"}],"about":[{"href":"https:\/\/www.rgequip.com\/index.php?rest_route=\/wp\/v2\/types\/product"}],"replies":[{"embeddable":true,"href":"https:\/\/www.rgequip.com\/index.php?rest_route=%2Fwp%2Fv2%2Fcomments&post=18565"}],"version-history":[{"count":0,"href":"https:\/\/www.rgequip.com\/index.php?rest_route=\/wp\/v2\/product\/18565\/revisions"}],"wp:featuredmedia":[{"embeddable":true,"href":"https:\/\/www.rgequip.com\/index.php?rest_route=\/wp\/v2\/media\/18567"}],"wp:attachment":[{"href":"https:\/\/www.rgequip.com\/index.php?rest_route=%2Fwp%2Fv2%2Fmedia&parent=18565"}],"wp:term":[{"taxonomy":"product_brand","embeddable":true,"href":"https:\/\/www.rgequip.com\/index.php?rest_route=%2Fwp%2Fv2%2Fproduct_brand&post=18565"},{"taxonomy":"product_cat","embeddable":true,"href":"https:\/\/www.rgequip.com\/index.php?rest_route=%2Fwp%2Fv2%2Fproduct_cat&post=18565"},{"taxonomy":"product_tag","embeddable":true,"href":"https:\/\/www.rgequip.com\/index.php?rest_route=%2Fwp%2Fv2%2Fproduct_tag&post=18565"}],"curies":[{"name":"wp","href":"https:\/\/api.w.org\/{rel}","templated":true}]}}