{"id":18561,"date":"2020-09-14T14:32:14","date_gmt":"2020-09-14T12:32:14","guid":{"rendered":"https:\/\/www.rgequip.com\/?post_type=product&#038;p=18561"},"modified":"2020-09-14T14:32:14","modified_gmt":"2020-09-14T12:32:14","slug":"vitrine-double-a-couvercle-coulissant","status":"publish","type":"product","link":"https:\/\/www.rgequip.com\/?product=vitrine-double-a-couvercle-coulissant","title":{"rendered":"Vitrine Double \u00e0 couvercle coulissant"},"content":{"rendered":"<h2 class=\"product-description-header\">R\u00e9sum\u00e9<\/h2>\n<div class=\"product attribute description\">\n<div class=\"value\">Deux plateaux, en plastique avec couvercle Rolltop transparent.<\/div>\n<div>Plateaux et vitrines de pr\u00e9sentation<\/div>\n<div>\n<p><strong>VITRINE\u00a0 DOUBLE A COUVERCLE COULISSANT <\/strong><\/p>\n<p><strong>\u00a0<\/strong><\/p>\n<p>Dim\u00a0: 465*310* (H) 410 mm<\/p><\/div>\n<\/div>\n","protected":false},"excerpt":{"rendered":"<p>R\u00e9sum\u00e9 Deux plateaux, en plastique avec couvercle Rolltop transparent. Plateaux et vitrines de pr\u00e9sentation VITRINE\u00a0 DOUBLE A COUVERCLE COULISSANT \u00a0<\/p>\n","protected":false},"featured_media":18562,"comment_status":"open","ping_status":"closed","template":"","meta":[],"product_brand":[],"product_cat":[313,297,305],"product_tag":[],"class_list":{"0":"post-18561","1":"product","2":"type-product","3":"status-publish","4":"has-post-thumbnail","6":"product_cat-maintien-chaud","7":"product_cat-presentation-chaude","8":"product_cat-vitrine-chaude","10":"first","11":"instock","12":"shipping-taxable","13":"product-type-simple"},"_links":{"self":[{"href":"https:\/\/www.rgequip.com\/index.php?rest_route=\/wp\/v2\/product\/18561","targetHints":{"allow":["GET"]}}],"collection":[{"href":"https:\/\/www.rgequip.com\/index.php?rest_route=\/wp\/v2\/product"}],"about":[{"href":"https:\/\/www.rgequip.com\/index.php?rest_route=\/wp\/v2\/types\/product"}],"replies":[{"embeddable":true,"href":"https:\/\/www.rgequip.com\/index.php?rest_route=%2Fwp%2Fv2%2Fcomments&post=18561"}],"version-history":[{"count":0,"href":"https:\/\/www.rgequip.com\/index.php?rest_route=\/wp\/v2\/product\/18561\/revisions"}],"wp:featuredmedia":[{"embeddable":true,"href":"https:\/\/www.rgequip.com\/index.php?rest_route=\/wp\/v2\/media\/18562"}],"wp:attachment":[{"href":"https:\/\/www.rgequip.com\/index.php?rest_route=%2Fwp%2Fv2%2Fmedia&parent=18561"}],"wp:term":[{"taxonomy":"product_brand","embeddable":true,"href":"https:\/\/www.rgequip.com\/index.php?rest_route=%2Fwp%2Fv2%2Fproduct_brand&post=18561"},{"taxonomy":"product_cat","embeddable":true,"href":"https:\/\/www.rgequip.com\/index.php?rest_route=%2Fwp%2Fv2%2Fproduct_cat&post=18561"},{"taxonomy":"product_tag","embeddable":true,"href":"https:\/\/www.rgequip.com\/index.php?rest_route=%2Fwp%2Fv2%2Fproduct_tag&post=18561"}],"curies":[{"name":"wp","href":"https:\/\/api.w.org\/{rel}","templated":true}]}}