{"id":18543,"date":"2020-09-14T13:11:24","date_gmt":"2020-09-14T11:11:24","guid":{"rendered":"https:\/\/www.rgequip.com\/?post_type=product&#038;p=18543"},"modified":"2020-09-14T13:11:25","modified_gmt":"2020-09-14T11:11:25","slug":"percolateur-6-litres","status":"publish","type":"product","link":"https:\/\/www.rgequip.com\/?product=percolateur-6-litres","title":{"rendered":"Percolateur 6 Litres"},"content":{"rendered":"<div class=\"product-description\">\n<h2 class=\"product-description-header\">R\u00e9sum\u00e9<\/h2>\n<div class=\"product attribute description\">\n<div class=\"value\">En inox \u2013 simple paroi.<\/div>\n<div class=\"value\">Le filtre int\u00e9gr\u00e9 convient au caf\u00e9 moulu standard, il n\u2019y a pas besoin d\u2019utiliser du papier filtre.<\/div>\n<div class=\"value\">Le percolateur maintient le caf\u00e9 \u00e0 la temp\u00e9rature de service apr\u00e8s brassage.<\/div>\n<div class=\"value\">Avec indicateur de niveau en verre, robinet anti-goutte et une r\u00e9initialisation automatique.<\/div>\n<div class=\"value\">Un voyant indique la fin du brassage et aussi s\u2019il y a besoin de d\u00e9tartrage.<\/div>\n<\/div>\n<\/div>\n<div class=\"product-full-width-section\">\n<h2 class=\"product-section-title\"><\/h2>\n<\/div>\n","protected":false},"excerpt":{"rendered":"<p>R\u00e9sum\u00e9 En inox \u2013 simple paroi. Le filtre int\u00e9gr\u00e9 convient au caf\u00e9 moulu standard, il n\u2019y a pas besoin d\u2019utiliser<\/p>\n","protected":false},"featured_media":9337,"comment_status":"open","ping_status":"closed","template":"","meta":[],"product_brand":[],"product_cat":[314,315,318],"product_tag":[],"class_list":{"0":"post-18543","1":"product","2":"type-product","3":"status-publish","4":"has-post-thumbnail","6":"product_cat-cafe-bar","7":"product_cat-cafe","8":"product_cat-percolateur-a-cafe","10":"first","11":"instock","12":"shipping-taxable","13":"product-type-simple"},"_links":{"self":[{"href":"https:\/\/www.rgequip.com\/index.php?rest_route=\/wp\/v2\/product\/18543","targetHints":{"allow":["GET"]}}],"collection":[{"href":"https:\/\/www.rgequip.com\/index.php?rest_route=\/wp\/v2\/product"}],"about":[{"href":"https:\/\/www.rgequip.com\/index.php?rest_route=\/wp\/v2\/types\/product"}],"replies":[{"embeddable":true,"href":"https:\/\/www.rgequip.com\/index.php?rest_route=%2Fwp%2Fv2%2Fcomments&post=18543"}],"version-history":[{"count":1,"href":"https:\/\/www.rgequip.com\/index.php?rest_route=\/wp\/v2\/product\/18543\/revisions"}],"predecessor-version":[{"id":18547,"href":"https:\/\/www.rgequip.com\/index.php?rest_route=\/wp\/v2\/product\/18543\/revisions\/18547"}],"wp:featuredmedia":[{"embeddable":true,"href":"https:\/\/www.rgequip.com\/index.php?rest_route=\/wp\/v2\/media\/9337"}],"wp:attachment":[{"href":"https:\/\/www.rgequip.com\/index.php?rest_route=%2Fwp%2Fv2%2Fmedia&parent=18543"}],"wp:term":[{"taxonomy":"product_brand","embeddable":true,"href":"https:\/\/www.rgequip.com\/index.php?rest_route=%2Fwp%2Fv2%2Fproduct_brand&post=18543"},{"taxonomy":"product_cat","embeddable":true,"href":"https:\/\/www.rgequip.com\/index.php?rest_route=%2Fwp%2Fv2%2Fproduct_cat&post=18543"},{"taxonomy":"product_tag","embeddable":true,"href":"https:\/\/www.rgequip.com\/index.php?rest_route=%2Fwp%2Fv2%2Fproduct_tag&post=18543"}],"curies":[{"name":"wp","href":"https:\/\/api.w.org\/{rel}","templated":true}]}}