{"id":18542,"date":"2020-09-14T13:05:53","date_gmt":"2020-09-14T11:05:53","guid":{"rendered":"https:\/\/www.rgequip.com\/?post_type=product&#038;p=18542"},"modified":"2020-09-14T13:06:34","modified_gmt":"2020-09-14T11:06:34","slug":"percolateur-a-double-paroi-6-litres","status":"publish","type":"product","link":"https:\/\/www.rgequip.com\/?product=percolateur-a-double-paroi-6-litres","title":{"rendered":"Percolateur \u00e0 double paroi 6 Litres"},"content":{"rendered":"<h2 class=\"product-description-header\">R\u00e9sum\u00e9<\/h2>\n<div class=\"product attribute description\">\n<div class=\"value\">Structure isotherme avec double paroi en inox poli r\u00e9duisant les pertes de chaleur par conduction, convection et rayonnement.<\/div>\n<div class=\"value\">Ces 2 avantages peuvent r\u00e9duire la consommation totale d&#8217;\u00e9nergie jusqu&#8217;\u00e0 20 % par rapport aux percolateurs \u00e0 simple paroi.<\/div>\n<div class=\"value\">Corps et cuve en acier inoxydable.<\/div>\n<div class=\"value\">De m\u00eame,il poss\u00e8de des Poign\u00e9es en inox soud\u00e9es avec une prise en silicone.<\/div>\n<div class=\"value\">Robinet anti-gouttes.<\/div>\n<div class=\"value\">En plus son Indicateur de niveau d&#8217;eau est en verre.<\/div>\n<div class=\"value\">Bac \u00e9gouttoir avec grille en acier inoxydable.<\/div>\n<\/div>\n","protected":false},"excerpt":{"rendered":"<p>R\u00e9sum\u00e9 Structure isotherme avec double paroi en inox poli r\u00e9duisant les pertes de chaleur par conduction, convection et rayonnement. Ces<\/p>\n","protected":false},"featured_media":9339,"comment_status":"open","ping_status":"closed","template":"","meta":[],"product_brand":[],"product_cat":[314,315,318],"product_tag":[],"class_list":{"0":"post-18542","1":"product","2":"type-product","3":"status-publish","4":"has-post-thumbnail","6":"product_cat-cafe-bar","7":"product_cat-cafe","8":"product_cat-percolateur-a-cafe","10":"first","11":"instock","12":"shipping-taxable","13":"product-type-simple"},"_links":{"self":[{"href":"https:\/\/www.rgequip.com\/index.php?rest_route=\/wp\/v2\/product\/18542","targetHints":{"allow":["GET"]}}],"collection":[{"href":"https:\/\/www.rgequip.com\/index.php?rest_route=\/wp\/v2\/product"}],"about":[{"href":"https:\/\/www.rgequip.com\/index.php?rest_route=\/wp\/v2\/types\/product"}],"replies":[{"embeddable":true,"href":"https:\/\/www.rgequip.com\/index.php?rest_route=%2Fwp%2Fv2%2Fcomments&post=18542"}],"version-history":[{"count":0,"href":"https:\/\/www.rgequip.com\/index.php?rest_route=\/wp\/v2\/product\/18542\/revisions"}],"wp:featuredmedia":[{"embeddable":true,"href":"https:\/\/www.rgequip.com\/index.php?rest_route=\/wp\/v2\/media\/9339"}],"wp:attachment":[{"href":"https:\/\/www.rgequip.com\/index.php?rest_route=%2Fwp%2Fv2%2Fmedia&parent=18542"}],"wp:term":[{"taxonomy":"product_brand","embeddable":true,"href":"https:\/\/www.rgequip.com\/index.php?rest_route=%2Fwp%2Fv2%2Fproduct_brand&post=18542"},{"taxonomy":"product_cat","embeddable":true,"href":"https:\/\/www.rgequip.com\/index.php?rest_route=%2Fwp%2Fv2%2Fproduct_cat&post=18542"},{"taxonomy":"product_tag","embeddable":true,"href":"https:\/\/www.rgequip.com\/index.php?rest_route=%2Fwp%2Fv2%2Fproduct_tag&post=18542"}],"curies":[{"name":"wp","href":"https:\/\/api.w.org\/{rel}","templated":true}]}}