{"id":18538,"date":"2020-09-14T12:45:59","date_gmt":"2020-09-14T10:45:59","guid":{"rendered":"https:\/\/www.rgequip.com\/?post_type=product&#038;p=18538"},"modified":"2020-09-14T12:46:00","modified_gmt":"2020-09-14T10:46:00","slug":"element-refrigerant-negatif","status":"publish","type":"product","link":"https:\/\/www.rgequip.com\/?product=element-refrigerant-negatif","title":{"rendered":"\u00c9l\u00e9ment r\u00e9frig\u00e9rant n\u00e9gatif"},"content":{"rendered":"<h2 class=\"product-description-header\">R\u00e9sum\u00e9<\/h2>\n<div class=\"product attribute description\">\n<div class=\"value\">Pour un usage dans les thermobox, maintient la temp\u00e9rature entre &#8211; 12\u00b0 et &#8211; 10\u00b0C pendant 3 \u00e0 4 heures, gr\u00e2ce \u00e0 la plaque eutectique.<\/div>\n<div class=\"value\">Avant utilisation:<\/div>\n<div class=\"value\">congeler \u00e0 &#8211; 18\u00b0C pendant 24 heures ou jusqu&#8217;\u00e0 ce que ce soit compl\u00e8tement gel\u00e9.<\/div>\n<div class=\"value\">Secouer l&#8217;\u00e9l\u00e9ment et si vous n&#8217;entendez rien et si cela ne bouge pas, il est pr\u00eat pour l&#8217;utilisation.<\/div>\n<\/div>\n","protected":false},"excerpt":{"rendered":"<p>R\u00e9sum\u00e9 Pour un usage dans les thermobox, maintient la temp\u00e9rature entre &#8211; 12\u00b0 et &#8211; 10\u00b0C pendant 3 \u00e0 4<\/p>\n","protected":false},"featured_media":18539,"comment_status":"open","ping_status":"closed","template":"","meta":[],"product_brand":[],"product_cat":[313,309,268],"product_tag":[],"class_list":{"0":"post-18538","1":"product","2":"type-product","3":"status-publish","4":"has-post-thumbnail","6":"product_cat-maintien-chaud","7":"product_cat-conteneur-isotherme","8":"product_cat-froids","10":"first","11":"instock","12":"shipping-taxable","13":"product-type-simple"},"_links":{"self":[{"href":"https:\/\/www.rgequip.com\/index.php?rest_route=\/wp\/v2\/product\/18538","targetHints":{"allow":["GET"]}}],"collection":[{"href":"https:\/\/www.rgequip.com\/index.php?rest_route=\/wp\/v2\/product"}],"about":[{"href":"https:\/\/www.rgequip.com\/index.php?rest_route=\/wp\/v2\/types\/product"}],"replies":[{"embeddable":true,"href":"https:\/\/www.rgequip.com\/index.php?rest_route=%2Fwp%2Fv2%2Fcomments&post=18538"}],"version-history":[{"count":0,"href":"https:\/\/www.rgequip.com\/index.php?rest_route=\/wp\/v2\/product\/18538\/revisions"}],"wp:featuredmedia":[{"embeddable":true,"href":"https:\/\/www.rgequip.com\/index.php?rest_route=\/wp\/v2\/media\/18539"}],"wp:attachment":[{"href":"https:\/\/www.rgequip.com\/index.php?rest_route=%2Fwp%2Fv2%2Fmedia&parent=18538"}],"wp:term":[{"taxonomy":"product_brand","embeddable":true,"href":"https:\/\/www.rgequip.com\/index.php?rest_route=%2Fwp%2Fv2%2Fproduct_brand&post=18538"},{"taxonomy":"product_cat","embeddable":true,"href":"https:\/\/www.rgequip.com\/index.php?rest_route=%2Fwp%2Fv2%2Fproduct_cat&post=18538"},{"taxonomy":"product_tag","embeddable":true,"href":"https:\/\/www.rgequip.com\/index.php?rest_route=%2Fwp%2Fv2%2Fproduct_tag&post=18538"}],"curies":[{"name":"wp","href":"https:\/\/api.w.org\/{rel}","templated":true}]}}