{"id":18534,"date":"2020-09-14T12:28:25","date_gmt":"2020-09-14T10:28:25","guid":{"rendered":"https:\/\/www.rgequip.com\/?post_type=product&#038;p=18534"},"modified":"2020-09-14T12:28:26","modified_gmt":"2020-09-14T10:28:26","slug":"element-chauffant","status":"publish","type":"product","link":"https:\/\/www.rgequip.com\/?product=element-chauffant","title":{"rendered":"\u00c9l\u00e9ment chauffant"},"content":{"rendered":"<h2 class=\"product-description-header\">R\u00e9sum\u00e9<\/h2>\n<div class=\"product attribute description\">\n<div class=\"value\">la temp\u00e9rature de chauffe va jusqu&#8217;\u00e0 90\u00b0C.<\/div>\n<div class=\"value\">Pour chauffer l&#8217;\u00e9l\u00e9ment,<\/div>\n<div class=\"value\">placez le dans un bac en inox et mettez le dans un four en convection \u00e0 90\u00b0C maximum pendant 40 minutes maximum.<\/div>\n<div><\/div>\n<\/div>\n","protected":false},"excerpt":{"rendered":"<p>R\u00e9sum\u00e9 la temp\u00e9rature de chauffe va jusqu&#8217;\u00e0 90\u00b0C. Pour chauffer l&#8217;\u00e9l\u00e9ment, placez le dans un bac en inox et mettez<\/p>\n","protected":false},"featured_media":18536,"comment_status":"open","ping_status":"closed","template":"","meta":[],"product_brand":[],"product_cat":[314,309,333,313,331],"product_tag":[],"class_list":{"0":"post-18534","1":"product","2":"type-product","3":"status-publish","4":"has-post-thumbnail","6":"product_cat-cafe-bar","7":"product_cat-conteneur-isotherme","8":"product_cat-distributeur-isotherme","9":"product_cat-maintien-chaud","10":"product_cat-service-petit-dejeuner","12":"first","13":"instock","14":"shipping-taxable","15":"product-type-simple"},"_links":{"self":[{"href":"https:\/\/www.rgequip.com\/index.php?rest_route=\/wp\/v2\/product\/18534","targetHints":{"allow":["GET"]}}],"collection":[{"href":"https:\/\/www.rgequip.com\/index.php?rest_route=\/wp\/v2\/product"}],"about":[{"href":"https:\/\/www.rgequip.com\/index.php?rest_route=\/wp\/v2\/types\/product"}],"replies":[{"embeddable":true,"href":"https:\/\/www.rgequip.com\/index.php?rest_route=%2Fwp%2Fv2%2Fcomments&post=18534"}],"version-history":[{"count":0,"href":"https:\/\/www.rgequip.com\/index.php?rest_route=\/wp\/v2\/product\/18534\/revisions"}],"wp:featuredmedia":[{"embeddable":true,"href":"https:\/\/www.rgequip.com\/index.php?rest_route=\/wp\/v2\/media\/18536"}],"wp:attachment":[{"href":"https:\/\/www.rgequip.com\/index.php?rest_route=%2Fwp%2Fv2%2Fmedia&parent=18534"}],"wp:term":[{"taxonomy":"product_brand","embeddable":true,"href":"https:\/\/www.rgequip.com\/index.php?rest_route=%2Fwp%2Fv2%2Fproduct_brand&post=18534"},{"taxonomy":"product_cat","embeddable":true,"href":"https:\/\/www.rgequip.com\/index.php?rest_route=%2Fwp%2Fv2%2Fproduct_cat&post=18534"},{"taxonomy":"product_tag","embeddable":true,"href":"https:\/\/www.rgequip.com\/index.php?rest_route=%2Fwp%2Fv2%2Fproduct_tag&post=18534"}],"curies":[{"name":"wp","href":"https:\/\/api.w.org\/{rel}","templated":true}]}}