{"id":18507,"date":"2020-09-11T15:00:10","date_gmt":"2020-09-11T13:00:10","guid":{"rendered":"https:\/\/www.rgequip.com\/?post_type=product&#038;p=18507"},"modified":"2020-09-11T15:04:56","modified_gmt":"2020-09-11T13:04:56","slug":"cuiseur-de-riz-5-4-litre","status":"publish","type":"product","link":"https:\/\/www.rgequip.com\/?product=cuiseur-de-riz-5-4-litre","title":{"rendered":"CUISEUR DE RIZ 1.8 LITRE"},"content":{"rendered":"<h2 class=\"product-description-header\">R\u00e9sum\u00e9<\/h2>\n<div class=\"product attribute description\">\n<div class=\"value\">Cuit le riz et le maintient au chaud automatiquement.<\/div>\n<div class=\"value\">Convient pour la cuisson de 10 verres doseur avec du riz sec.<\/div>\n<div class=\"value\">Avec un panier \u00e0 vapeur plastique \u00e0 utiliser lors de la cuisson \u00e0 vapeur.<\/div>\n<div class=\"value\">Livr\u00e9 avec un verre doseur et une cuill\u00e8re \u00e0 riz. Facile \u00e0 nettoyer, cuve en aluminium amovible.<\/div>\n<\/div>\n","protected":false},"excerpt":{"rendered":"<p>R\u00e9sum\u00e9 Cuit le riz et le maintient au chaud automatiquement. Convient pour la cuisson de 10 verres doseur avec du<\/p>\n","protected":false},"featured_media":18509,"comment_status":"open","ping_status":"closed","template":"","meta":[],"product_brand":[],"product_cat":[226,236,265],"product_tag":[],"class_list":{"0":"post-18507","1":"product","2":"type-product","3":"status-publish","4":"has-post-thumbnail","6":"product_cat-cuisson","7":"product_cat-cuiseurs","8":"product_cat-cuiseurs-a-vapeur","10":"first","11":"instock","12":"shipping-taxable","13":"product-type-simple"},"_links":{"self":[{"href":"https:\/\/www.rgequip.com\/index.php?rest_route=\/wp\/v2\/product\/18507","targetHints":{"allow":["GET"]}}],"collection":[{"href":"https:\/\/www.rgequip.com\/index.php?rest_route=\/wp\/v2\/product"}],"about":[{"href":"https:\/\/www.rgequip.com\/index.php?rest_route=\/wp\/v2\/types\/product"}],"replies":[{"embeddable":true,"href":"https:\/\/www.rgequip.com\/index.php?rest_route=%2Fwp%2Fv2%2Fcomments&post=18507"}],"version-history":[{"count":1,"href":"https:\/\/www.rgequip.com\/index.php?rest_route=\/wp\/v2\/product\/18507\/revisions"}],"predecessor-version":[{"id":18512,"href":"https:\/\/www.rgequip.com\/index.php?rest_route=\/wp\/v2\/product\/18507\/revisions\/18512"}],"wp:featuredmedia":[{"embeddable":true,"href":"https:\/\/www.rgequip.com\/index.php?rest_route=\/wp\/v2\/media\/18509"}],"wp:attachment":[{"href":"https:\/\/www.rgequip.com\/index.php?rest_route=%2Fwp%2Fv2%2Fmedia&parent=18507"}],"wp:term":[{"taxonomy":"product_brand","embeddable":true,"href":"https:\/\/www.rgequip.com\/index.php?rest_route=%2Fwp%2Fv2%2Fproduct_brand&post=18507"},{"taxonomy":"product_cat","embeddable":true,"href":"https:\/\/www.rgequip.com\/index.php?rest_route=%2Fwp%2Fv2%2Fproduct_cat&post=18507"},{"taxonomy":"product_tag","embeddable":true,"href":"https:\/\/www.rgequip.com\/index.php?rest_route=%2Fwp%2Fv2%2Fproduct_tag&post=18507"}],"curies":[{"name":"wp","href":"https:\/\/api.w.org\/{rel}","templated":true}]}}