{"id":18503,"date":"2020-09-11T14:36:00","date_gmt":"2020-09-11T12:36:00","guid":{"rendered":"https:\/\/www.rgequip.com\/?post_type=product&#038;p=18503"},"modified":"2020-09-11T14:36:01","modified_gmt":"2020-09-11T12:36:01","slug":"fumoir-electrique-inox","status":"publish","type":"product","link":"https:\/\/www.rgequip.com\/?product=fumoir-electrique-inox","title":{"rendered":"FUMOIR ELECTRIQUE INOX"},"content":{"rendered":"<p>Id\u00e9al pour fumer poissons, viande, jambon et l\u00e9gumes.<\/p>\n<p>Construit en inox avec une porte en double paroi isol\u00e9e et une fermeture magn\u00e9tique.<\/p>\n<p>Thermostat pour r\u00e9gler la temp\u00e9rature, thermom\u00e8tre int\u00e9gr\u00e9 dans la porte.<\/p>\n<p>\u00c9quipe d&#8217;un ventilateur \u00e0 l&#8217;arri\u00e8re.<\/p>\n<p>Livr\u00e9 avec 3 grilles (400x279mm) et 3 crochets \u00e0 viande<\/p>\n","protected":false},"excerpt":{"rendered":"<p>Id\u00e9al pour fumer poissons, viande, jambon et l\u00e9gumes. Construit en inox avec une porte en double paroi isol\u00e9e et une<\/p>\n","protected":false},"featured_media":18504,"comment_status":"open","ping_status":"closed","template":"","meta":[],"product_brand":[],"product_cat":[337,342],"product_tag":[],"class_list":{"0":"post-18503","1":"product","2":"type-product","3":"status-publish","4":"has-post-thumbnail","6":"product_cat-preparation","7":"product_cat-travail-de-la-viande","9":"first","10":"instock","11":"shipping-taxable","12":"product-type-simple"},"_links":{"self":[{"href":"https:\/\/www.rgequip.com\/index.php?rest_route=\/wp\/v2\/product\/18503","targetHints":{"allow":["GET"]}}],"collection":[{"href":"https:\/\/www.rgequip.com\/index.php?rest_route=\/wp\/v2\/product"}],"about":[{"href":"https:\/\/www.rgequip.com\/index.php?rest_route=\/wp\/v2\/types\/product"}],"replies":[{"embeddable":true,"href":"https:\/\/www.rgequip.com\/index.php?rest_route=%2Fwp%2Fv2%2Fcomments&post=18503"}],"version-history":[{"count":0,"href":"https:\/\/www.rgequip.com\/index.php?rest_route=\/wp\/v2\/product\/18503\/revisions"}],"wp:featuredmedia":[{"embeddable":true,"href":"https:\/\/www.rgequip.com\/index.php?rest_route=\/wp\/v2\/media\/18504"}],"wp:attachment":[{"href":"https:\/\/www.rgequip.com\/index.php?rest_route=%2Fwp%2Fv2%2Fmedia&parent=18503"}],"wp:term":[{"taxonomy":"product_brand","embeddable":true,"href":"https:\/\/www.rgequip.com\/index.php?rest_route=%2Fwp%2Fv2%2Fproduct_brand&post=18503"},{"taxonomy":"product_cat","embeddable":true,"href":"https:\/\/www.rgequip.com\/index.php?rest_route=%2Fwp%2Fv2%2Fproduct_cat&post=18503"},{"taxonomy":"product_tag","embeddable":true,"href":"https:\/\/www.rgequip.com\/index.php?rest_route=%2Fwp%2Fv2%2Fproduct_tag&post=18503"}],"curies":[{"name":"wp","href":"https:\/\/api.w.org\/{rel}","templated":true}]}}