{"id":18499,"date":"2020-09-11T14:01:17","date_gmt":"2020-09-11T12:01:17","guid":{"rendered":"https:\/\/www.rgequip.com\/?post_type=product&#038;p=18499"},"modified":"2020-09-11T14:01:17","modified_gmt":"2020-09-11T12:01:17","slug":"trancheuse-a-jambon-profi-line-300","status":"publish","type":"product","link":"https:\/\/www.rgequip.com\/?product=trancheuse-a-jambon-profi-line-300","title":{"rendered":"TRANCHEUSE A JAMBON PROFI LINE  300"},"content":{"rendered":"<p>Destin\u00e9 \u00e0 un usage commercial professionnel.<\/p>\n<p>Bo\u00eetier en aluminium enduit, avec pieds antid\u00e9rapants.<\/p>\n<p>Lame inclin\u00e9e en acier inoxydable tremp\u00e9.<\/p>\n<p>Moteur refroidi par air avec protection contre la surchauffe.<\/p>\n<p>Moteur avec puissance suppl\u00e9mentaire pour couper les viandes dures.<\/p>\n<p>\u00c9quip\u00e9 d\u2019un prot\u00e8ge-lame et d\u2019un aff\u00fbteur int\u00e9gr\u00e9.<\/p>\n<p>Chariot avec \u00e9cran de s\u00e9curit\u00e9 et support pour vestiges avec verrou vertical.<\/p>\n<p>D\u00e9montage rapide et facile pour le nettoyage.<\/p>\n<p>R\u00e9pond \u00e0 toutes les exigences de s\u00e9curit\u00e9 pour une utilisation commerciale, telles que:<\/p>\n<p>\u2013 Le r\u00e9glage de l\u2019\u00e9paisseur 0 maintient la lame derri\u00e8re le prot\u00e8ge-lame.<\/p>\n<p>\u2013\u00a0 pour retirer ou verrouiller le chariot il faut\u00a0 r\u00e9gler la lame sur 0 \u00e9paisseur<\/p>\n<p>Ne convient pas pour couper du fromage,<\/p>\n<p>Diam\u00e8tre de la lame: 300 mm.<\/p>\n<p>\u00c9paisseur de coupe r\u00e9glable en continu jusqu\u2019\u00e0 15 mm.<\/p>\n<p>Diam\u00e8tre de coupe maximum: 200 mm. Fini avec un rev\u00eatement rouge sp\u00e9cial.<\/p>\n","protected":false},"excerpt":{"rendered":"<p>Destin\u00e9 \u00e0 un usage commercial professionnel. Bo\u00eetier en aluminium enduit, avec pieds antid\u00e9rapants. Lame inclin\u00e9e en acier inoxydable tremp\u00e9. Moteur<\/p>\n","protected":false},"featured_media":18500,"comment_status":"open","ping_status":"closed","template":"","meta":[],"product_brand":[],"product_cat":[337,361,342],"product_tag":[],"class_list":{"0":"post-18499","1":"product","2":"type-product","3":"status-publish","4":"has-post-thumbnail","6":"product_cat-preparation","7":"product_cat-trancheuse-professionnelle","8":"product_cat-travail-de-la-viande","10":"first","11":"instock","12":"shipping-taxable","13":"product-type-simple"},"_links":{"self":[{"href":"https:\/\/www.rgequip.com\/index.php?rest_route=\/wp\/v2\/product\/18499","targetHints":{"allow":["GET"]}}],"collection":[{"href":"https:\/\/www.rgequip.com\/index.php?rest_route=\/wp\/v2\/product"}],"about":[{"href":"https:\/\/www.rgequip.com\/index.php?rest_route=\/wp\/v2\/types\/product"}],"replies":[{"embeddable":true,"href":"https:\/\/www.rgequip.com\/index.php?rest_route=%2Fwp%2Fv2%2Fcomments&post=18499"}],"version-history":[{"count":0,"href":"https:\/\/www.rgequip.com\/index.php?rest_route=\/wp\/v2\/product\/18499\/revisions"}],"wp:featuredmedia":[{"embeddable":true,"href":"https:\/\/www.rgequip.com\/index.php?rest_route=\/wp\/v2\/media\/18500"}],"wp:attachment":[{"href":"https:\/\/www.rgequip.com\/index.php?rest_route=%2Fwp%2Fv2%2Fmedia&parent=18499"}],"wp:term":[{"taxonomy":"product_brand","embeddable":true,"href":"https:\/\/www.rgequip.com\/index.php?rest_route=%2Fwp%2Fv2%2Fproduct_brand&post=18499"},{"taxonomy":"product_cat","embeddable":true,"href":"https:\/\/www.rgequip.com\/index.php?rest_route=%2Fwp%2Fv2%2Fproduct_cat&post=18499"},{"taxonomy":"product_tag","embeddable":true,"href":"https:\/\/www.rgequip.com\/index.php?rest_route=%2Fwp%2Fv2%2Fproduct_tag&post=18499"}],"curies":[{"name":"wp","href":"https:\/\/api.w.org\/{rel}","templated":true}]}}