{"id":18482,"date":"2020-09-11T13:44:43","date_gmt":"2020-09-11T11:44:43","guid":{"rendered":"https:\/\/www.rgequip.com\/?post_type=product&#038;p=18482"},"modified":"2020-09-11T13:44:44","modified_gmt":"2020-09-11T11:44:44","slug":"trancheuse-a-jambon-profi-line-250","status":"publish","type":"product","link":"https:\/\/www.rgequip.com\/?product=trancheuse-a-jambon-profi-line-250","title":{"rendered":"TRANCHEUSE A JAMBON PROFI LINE 250"},"content":{"rendered":"<p>Construction en aluminium anodis\u00e9 et \u00e9quip\u00e9 de pieds antid\u00e9rapants et d&#8217;une lame inclin\u00e9e en acier tremp\u00e9 inoxydable.<\/p>\n<p>Un moteur \u00e0 haute puissance pour trancher de la viande dure. La trancheuse poss\u00e8de un prot\u00e8ge lame et un aiguiseur\u00a0 int\u00e9gr\u00e9.<\/p>\n<p>Le chariot poss\u00e8de un capot de s\u00e9curit\u00e9, d\u2019un maintien produit et d\u2019un blocage vertical.<\/p>\n<p>La machine respecte les\u00a0 r\u00e9glementations de s\u00e9curit\u00e9 pour l&#8217;utilisation commerciale, comme:<\/p>\n<ul>\n<li>\u00a0La mise en position d\u2019\u00e9paisseur \u00e0 \u201e0\u201d garde la lame derri\u00e8re le protecteur.<\/li>\n<li>Protection automatique pour ne pas mettre la trancheuse en marche quand l\u2019aiguiseur ou la plaque de protection pour la lame sont enlev\u00e9.<\/li>\n<\/ul>\n<p>La trancheuse ne convient pas pour trancher du fromage sauf si elle a une lame avec rev\u00eatement anti-adh\u00e9sif( vendu s\u00e9par\u00e9ment).<\/p>\n<p>Diam\u00e8tre de la lame: \u00d8 250 mm. \u00c9paisseur de tranche r\u00e9glable en continu jusqu\u00b4\u00e0 15 mm. Diam\u00e8tre de coupe maximum: 180 mm.<\/p>\n","protected":false},"excerpt":{"rendered":"<p>Construction en aluminium anodis\u00e9 et \u00e9quip\u00e9 de pieds antid\u00e9rapants et d&#8217;une lame inclin\u00e9e en acier tremp\u00e9 inoxydable. Un moteur \u00e0<\/p>\n","protected":false},"featured_media":18493,"comment_status":"open","ping_status":"closed","template":"","meta":[],"product_brand":[],"product_cat":[337,361,342],"product_tag":[],"class_list":{"0":"post-18482","1":"product","2":"type-product","3":"status-publish","4":"has-post-thumbnail","6":"product_cat-preparation","7":"product_cat-trancheuse-professionnelle","8":"product_cat-travail-de-la-viande","10":"first","11":"instock","12":"shipping-taxable","13":"product-type-simple"},"_links":{"self":[{"href":"https:\/\/www.rgequip.com\/index.php?rest_route=\/wp\/v2\/product\/18482","targetHints":{"allow":["GET"]}}],"collection":[{"href":"https:\/\/www.rgequip.com\/index.php?rest_route=\/wp\/v2\/product"}],"about":[{"href":"https:\/\/www.rgequip.com\/index.php?rest_route=\/wp\/v2\/types\/product"}],"replies":[{"embeddable":true,"href":"https:\/\/www.rgequip.com\/index.php?rest_route=%2Fwp%2Fv2%2Fcomments&post=18482"}],"version-history":[{"count":1,"href":"https:\/\/www.rgequip.com\/index.php?rest_route=\/wp\/v2\/product\/18482\/revisions"}],"predecessor-version":[{"id":18492,"href":"https:\/\/www.rgequip.com\/index.php?rest_route=\/wp\/v2\/product\/18482\/revisions\/18492"}],"wp:featuredmedia":[{"embeddable":true,"href":"https:\/\/www.rgequip.com\/index.php?rest_route=\/wp\/v2\/media\/18493"}],"wp:attachment":[{"href":"https:\/\/www.rgequip.com\/index.php?rest_route=%2Fwp%2Fv2%2Fmedia&parent=18482"}],"wp:term":[{"taxonomy":"product_brand","embeddable":true,"href":"https:\/\/www.rgequip.com\/index.php?rest_route=%2Fwp%2Fv2%2Fproduct_brand&post=18482"},{"taxonomy":"product_cat","embeddable":true,"href":"https:\/\/www.rgequip.com\/index.php?rest_route=%2Fwp%2Fv2%2Fproduct_cat&post=18482"},{"taxonomy":"product_tag","embeddable":true,"href":"https:\/\/www.rgequip.com\/index.php?rest_route=%2Fwp%2Fv2%2Fproduct_tag&post=18482"}],"curies":[{"name":"wp","href":"https:\/\/api.w.org\/{rel}","templated":true}]}}