{"id":18477,"date":"2020-09-07T13:24:44","date_gmt":"2020-09-07T11:24:44","guid":{"rendered":"https:\/\/www.rgequip.com\/?post_type=product&#038;p=18477"},"modified":"2020-09-07T13:24:44","modified_gmt":"2020-09-07T11:24:44","slug":"plaque-perforee-pour-hachoir-a-viande-o-82-mm","status":"publish","type":"product","link":"https:\/\/www.rgequip.com\/?product=plaque-perforee-pour-hachoir-a-viande-o-82-mm","title":{"rendered":"PLAQUE PERFOR\u00c9E POUR HACHOIR A VIANDE \u00f8 82 mm"},"content":{"rendered":"<p><b>PLAQUE PERFOR\u00c9E POUR HACHOIR A VIANDE 282199<\/b><\/p>\n<p><strong>\u00a0<\/strong><\/p>\n<p>-En acier inoxydable<\/p>\n<p>-Convient pour les hachoirs<\/p>\n","protected":false},"excerpt":{"rendered":"<p>PLAQUE PERFOR\u00c9E POUR HACHOIR A VIANDE 282199 \u00a0 -En acier inoxydable -Convient pour les hachoirs<\/p>\n","protected":false},"featured_media":18478,"comment_status":"open","ping_status":"closed","template":"","meta":[],"product_brand":[],"product_cat":[337,360,342],"product_tag":[],"class_list":{"0":"post-18477","1":"product","2":"type-product","3":"status-publish","4":"has-post-thumbnail","6":"product_cat-preparation","7":"product_cat-accessoires-hache-viande","8":"product_cat-travail-de-la-viande","10":"first","11":"instock","12":"shipping-taxable","13":"product-type-simple"},"_links":{"self":[{"href":"https:\/\/www.rgequip.com\/index.php?rest_route=\/wp\/v2\/product\/18477","targetHints":{"allow":["GET"]}}],"collection":[{"href":"https:\/\/www.rgequip.com\/index.php?rest_route=\/wp\/v2\/product"}],"about":[{"href":"https:\/\/www.rgequip.com\/index.php?rest_route=\/wp\/v2\/types\/product"}],"replies":[{"embeddable":true,"href":"https:\/\/www.rgequip.com\/index.php?rest_route=%2Fwp%2Fv2%2Fcomments&post=18477"}],"version-history":[{"count":0,"href":"https:\/\/www.rgequip.com\/index.php?rest_route=\/wp\/v2\/product\/18477\/revisions"}],"wp:featuredmedia":[{"embeddable":true,"href":"https:\/\/www.rgequip.com\/index.php?rest_route=\/wp\/v2\/media\/18478"}],"wp:attachment":[{"href":"https:\/\/www.rgequip.com\/index.php?rest_route=%2Fwp%2Fv2%2Fmedia&parent=18477"}],"wp:term":[{"taxonomy":"product_brand","embeddable":true,"href":"https:\/\/www.rgequip.com\/index.php?rest_route=%2Fwp%2Fv2%2Fproduct_brand&post=18477"},{"taxonomy":"product_cat","embeddable":true,"href":"https:\/\/www.rgequip.com\/index.php?rest_route=%2Fwp%2Fv2%2Fproduct_cat&post=18477"},{"taxonomy":"product_tag","embeddable":true,"href":"https:\/\/www.rgequip.com\/index.php?rest_route=%2Fwp%2Fv2%2Fproduct_tag&post=18477"}],"curies":[{"name":"wp","href":"https:\/\/api.w.org\/{rel}","templated":true}]}}