{"id":18475,"date":"2020-09-07T13:18:26","date_gmt":"2020-09-07T11:18:26","guid":{"rendered":"https:\/\/www.rgequip.com\/?post_type=product&#038;p=18475"},"modified":"2020-09-07T13:18:26","modified_gmt":"2020-09-07T11:18:26","slug":"hachoir-a-viande-300kg-h","status":"publish","type":"product","link":"https:\/\/www.rgequip.com\/?product=hachoir-a-viande-300kg-h","title":{"rendered":"HACHOIR A VIANDE 300KG\/H"},"content":{"rendered":"<h2 class=\"product-description-header\">R\u00e9sum\u00e9<\/h2>\n<div class=\"product attribute description\">\n<div class=\"value\">Vis sans fin fait d&#8217;un alliage d&#8217;aluminium anodis\u00e9.<\/div>\n<div class=\"value\">Le b\u00e2ti, l&#8217;axe de propulsion et les cuvettes\u00a0 tous fabriqu\u00e9s en inox.<\/div>\n<div class=\"value\">Poussoir en poly\u00e9thyl\u00e8ne inclus.<\/div>\n<div class=\"value\">Transmission silencieuse, remplie avec l&#8217;huile.<\/div>\n<div class=\"value\">Plaque perfor\u00e9e \u00d882 mm avec trous de \u00d8 6 mm.<\/div>\n<div class=\"value\">Poids 24 kg.<\/div>\n<div class=\"value\">Ne pas utiliser en continue.<\/div>\n<div class=\"value\">Capacit\u00e9 de 300 kg\/h.<\/div>\n<\/div>\n","protected":false},"excerpt":{"rendered":"<p>R\u00e9sum\u00e9 Vis sans fin fait d&#8217;un alliage d&#8217;aluminium anodis\u00e9. Le b\u00e2ti, l&#8217;axe de propulsion et les cuvettes\u00a0 tous fabriqu\u00e9s en<\/p>\n","protected":false},"featured_media":18476,"comment_status":"open","ping_status":"closed","template":"","meta":[],"product_brand":[],"product_cat":[337,359,342],"product_tag":[],"class_list":{"0":"post-18475","1":"product","2":"type-product","3":"status-publish","4":"has-post-thumbnail","6":"product_cat-preparation","7":"product_cat-hachoir-a-viande","8":"product_cat-travail-de-la-viande","10":"first","11":"instock","12":"shipping-taxable","13":"product-type-simple"},"_links":{"self":[{"href":"https:\/\/www.rgequip.com\/index.php?rest_route=\/wp\/v2\/product\/18475","targetHints":{"allow":["GET"]}}],"collection":[{"href":"https:\/\/www.rgequip.com\/index.php?rest_route=\/wp\/v2\/product"}],"about":[{"href":"https:\/\/www.rgequip.com\/index.php?rest_route=\/wp\/v2\/types\/product"}],"replies":[{"embeddable":true,"href":"https:\/\/www.rgequip.com\/index.php?rest_route=%2Fwp%2Fv2%2Fcomments&post=18475"}],"version-history":[{"count":0,"href":"https:\/\/www.rgequip.com\/index.php?rest_route=\/wp\/v2\/product\/18475\/revisions"}],"wp:featuredmedia":[{"embeddable":true,"href":"https:\/\/www.rgequip.com\/index.php?rest_route=\/wp\/v2\/media\/18476"}],"wp:attachment":[{"href":"https:\/\/www.rgequip.com\/index.php?rest_route=%2Fwp%2Fv2%2Fmedia&parent=18475"}],"wp:term":[{"taxonomy":"product_brand","embeddable":true,"href":"https:\/\/www.rgequip.com\/index.php?rest_route=%2Fwp%2Fv2%2Fproduct_brand&post=18475"},{"taxonomy":"product_cat","embeddable":true,"href":"https:\/\/www.rgequip.com\/index.php?rest_route=%2Fwp%2Fv2%2Fproduct_cat&post=18475"},{"taxonomy":"product_tag","embeddable":true,"href":"https:\/\/www.rgequip.com\/index.php?rest_route=%2Fwp%2Fv2%2Fproduct_tag&post=18475"}],"curies":[{"name":"wp","href":"https:\/\/api.w.org\/{rel}","templated":true}]}}