{"id":18471,"date":"2020-09-07T13:12:01","date_gmt":"2020-09-07T11:12:01","guid":{"rendered":"https:\/\/www.rgequip.com\/?post_type=product&#038;p=18471"},"modified":"2020-09-07T13:12:01","modified_gmt":"2020-09-07T11:12:01","slug":"bombe-a-gaz-butane","status":"publish","type":"product","link":"https:\/\/www.rgequip.com\/?product=bombe-a-gaz-butane","title":{"rendered":"BOMBE A GAZ BUTANE"},"content":{"rendered":"<h2 class=\"product-description-header\">R\u00e9sum\u00e9<\/h2>\n<div class=\"product attribute description\">\n<div class=\"value\">Conviennent exclusivement pour l&#8217;utilisation avec le r\u00e9chaud \u00e0 gaz portable (147610) et le chalumeau de cuisine (198216).<\/div>\n<div class=\"value\">Ne convient pas pour remplir des briquets \u00e0 gaz, etc.<\/div>\n<div class=\"value\">Emball\u00e9 par 4 unit\u00e9s.<\/div>\n<div><\/div>\n<\/div>\n","protected":false},"excerpt":{"rendered":"<p>R\u00e9sum\u00e9 Conviennent exclusivement pour l&#8217;utilisation avec le r\u00e9chaud \u00e0 gaz portable (147610) et le chalumeau de cuisine (198216). Ne convient<\/p>\n","protected":false},"featured_media":18473,"comment_status":"open","ping_status":"closed","template":"","meta":[],"product_brand":[],"product_cat":[226,236,265],"product_tag":[],"class_list":{"0":"post-18471","1":"product","2":"type-product","3":"status-publish","4":"has-post-thumbnail","6":"product_cat-cuisson","7":"product_cat-cuiseurs","8":"product_cat-cuiseurs-a-vapeur","10":"first","11":"instock","12":"shipping-taxable","13":"product-type-simple"},"_links":{"self":[{"href":"https:\/\/www.rgequip.com\/index.php?rest_route=\/wp\/v2\/product\/18471","targetHints":{"allow":["GET"]}}],"collection":[{"href":"https:\/\/www.rgequip.com\/index.php?rest_route=\/wp\/v2\/product"}],"about":[{"href":"https:\/\/www.rgequip.com\/index.php?rest_route=\/wp\/v2\/types\/product"}],"replies":[{"embeddable":true,"href":"https:\/\/www.rgequip.com\/index.php?rest_route=%2Fwp%2Fv2%2Fcomments&post=18471"}],"version-history":[{"count":0,"href":"https:\/\/www.rgequip.com\/index.php?rest_route=\/wp\/v2\/product\/18471\/revisions"}],"wp:featuredmedia":[{"embeddable":true,"href":"https:\/\/www.rgequip.com\/index.php?rest_route=\/wp\/v2\/media\/18473"}],"wp:attachment":[{"href":"https:\/\/www.rgequip.com\/index.php?rest_route=%2Fwp%2Fv2%2Fmedia&parent=18471"}],"wp:term":[{"taxonomy":"product_brand","embeddable":true,"href":"https:\/\/www.rgequip.com\/index.php?rest_route=%2Fwp%2Fv2%2Fproduct_brand&post=18471"},{"taxonomy":"product_cat","embeddable":true,"href":"https:\/\/www.rgequip.com\/index.php?rest_route=%2Fwp%2Fv2%2Fproduct_cat&post=18471"},{"taxonomy":"product_tag","embeddable":true,"href":"https:\/\/www.rgequip.com\/index.php?rest_route=%2Fwp%2Fv2%2Fproduct_tag&post=18471"}],"curies":[{"name":"wp","href":"https:\/\/api.w.org\/{rel}","templated":true}]}}