{"id":18469,"date":"2020-09-07T12:44:00","date_gmt":"2020-09-07T10:44:00","guid":{"rendered":"https:\/\/www.rgequip.com\/?post_type=product&#038;p=18469"},"modified":"2020-09-07T12:44:00","modified_gmt":"2020-09-07T10:44:00","slug":"machine-a-glace-sorbetiere","status":"publish","type":"product","link":"https:\/\/www.rgequip.com\/?product=machine-a-glace-sorbetiere","title":{"rendered":"MACHINE A GLACE \/ SORBETI\u00c8RE"},"content":{"rendered":"<h2 class=\"product-description-header\">R\u00e9sum\u00e9<\/h2>\n<div class=\"product attribute description\">\n<div class=\"value\">Convient parfaitement pour faire de cr\u00e8mes glac\u00e9es, sorbets et yaourts glac\u00e9s en 90 minutes.<\/div>\n<div class=\"value\">Bac \u00e0 glace de 2 L fait en inox. Compresseur ventil\u00e9 \u00e0 air avec une plage de temp\u00e9rature de -10\u02daC \u00e0 -35\u02daC. Avec une fonction qui prolonge le refroidissement pendant deux heures, afin de maintenir la consistance de la glace quand c&#8217;est pr\u00eat. Il n&#8217;est pas n\u00e9cessaire de refroidir les ingr\u00e9dients au pr\u00e9alable. \u00c9quip\u00e9 d&#8217;un \u00e9cran num\u00e9rique avec retro-\u00e9clairage qui affiche le temps de fonctionnement, temp\u00e9rature de cong\u00e9lation et le mouvement du mixeur. M\u00e9langeur en polypropyl\u00e8ne facile \u00e0 installer. Couvercle transparent en polycarbonate &#8220;Twist-Lock&#8221; \u00e9quip\u00e9 d&#8217;un fermeture de s\u00e9curit\u00e9. Liquide de refroidissement: R600a.<\/div>\n<\/div>\n","protected":false},"excerpt":{"rendered":"<p>R\u00e9sum\u00e9 Convient parfaitement pour faire de cr\u00e8mes glac\u00e9es, sorbets et yaourts glac\u00e9s en 90 minutes. Bac \u00e0 glace de 2<\/p>\n","protected":false},"featured_media":18470,"comment_status":"open","ping_status":"closed","template":"","meta":[],"product_brand":[],"product_cat":[369,273,381,371,268,292],"product_tag":[],"class_list":{"0":"post-18469","1":"product","2":"type-product","3":"status-publish","4":"has-post-thumbnail","6":"product_cat-boulangerie","7":"product_cat-congelateurs","8":"product_cat-creme-glace","9":"product_cat-froid-dedie-patisserie","10":"product_cat-froids","11":"product_cat-sorbetiere","13":"first","14":"instock","15":"shipping-taxable","16":"product-type-simple"},"_links":{"self":[{"href":"https:\/\/www.rgequip.com\/index.php?rest_route=\/wp\/v2\/product\/18469","targetHints":{"allow":["GET"]}}],"collection":[{"href":"https:\/\/www.rgequip.com\/index.php?rest_route=\/wp\/v2\/product"}],"about":[{"href":"https:\/\/www.rgequip.com\/index.php?rest_route=\/wp\/v2\/types\/product"}],"replies":[{"embeddable":true,"href":"https:\/\/www.rgequip.com\/index.php?rest_route=%2Fwp%2Fv2%2Fcomments&post=18469"}],"version-history":[{"count":0,"href":"https:\/\/www.rgequip.com\/index.php?rest_route=\/wp\/v2\/product\/18469\/revisions"}],"wp:featuredmedia":[{"embeddable":true,"href":"https:\/\/www.rgequip.com\/index.php?rest_route=\/wp\/v2\/media\/18470"}],"wp:attachment":[{"href":"https:\/\/www.rgequip.com\/index.php?rest_route=%2Fwp%2Fv2%2Fmedia&parent=18469"}],"wp:term":[{"taxonomy":"product_brand","embeddable":true,"href":"https:\/\/www.rgequip.com\/index.php?rest_route=%2Fwp%2Fv2%2Fproduct_brand&post=18469"},{"taxonomy":"product_cat","embeddable":true,"href":"https:\/\/www.rgequip.com\/index.php?rest_route=%2Fwp%2Fv2%2Fproduct_cat&post=18469"},{"taxonomy":"product_tag","embeddable":true,"href":"https:\/\/www.rgequip.com\/index.php?rest_route=%2Fwp%2Fv2%2Fproduct_tag&post=18469"}],"curies":[{"name":"wp","href":"https:\/\/api.w.org\/{rel}","templated":true}]}}