{"id":18431,"date":"2020-09-04T17:28:53","date_gmt":"2020-09-04T15:28:53","guid":{"rendered":"https:\/\/www.rgequip.com\/?post_type=product&#038;p=18431"},"modified":"2020-09-04T18:00:37","modified_gmt":"2020-09-04T16:00:37","slug":"thermometre-avec-sonde-percante-repliable","status":"publish","type":"product","link":"https:\/\/www.rgequip.com\/?product=thermometre-avec-sonde-percante-repliable","title":{"rendered":"THERMOM\u00c8TRE AVEC SONDE PER\u00c7ANTE REPLIABLE"},"content":{"rendered":"<h2 class=\"product-description-header\">R\u00e9sum\u00e9<\/h2>\n<div class=\"product attribute description\">\n<div class=\"value\">Plage temp\u00e9rature: \u201350\u00baC \u00e0 300\u00ba C.<\/div>\n<div class=\"value\">R\u00e9glable en \u00b0C ou \u00b0F. Graduation 0,1\u00b0C, pr\u00e9cision 1\u00b0C entre 0\u00b0 et 100\u00b0C.<\/div>\n<div class=\"value\">Mode verrouillage afin de surveiller la temp\u00e9rature en continu.<\/div>\n<div class=\"value\">Fonction temp\u00e9rature Min\/Max.<\/div>\n<div class=\"value\">Sonde de 110 mm repliable en inox.<\/div>\n<div class=\"value\">Arr\u00eat automatique au bout d&#8217;un heure sans activit\u00e9.<\/div>\n<div class=\"value\">Livr\u00e9 avec pile.<\/div>\n<\/div>\n","protected":false},"excerpt":{"rendered":"<p>R\u00e9sum\u00e9 Plage temp\u00e9rature: \u201350\u00baC \u00e0 300\u00ba C. R\u00e9glable en \u00b0C ou \u00b0F. Graduation 0,1\u00b0C, pr\u00e9cision 1\u00b0C entre 0\u00b0 et 100\u00b0C.<\/p>\n","protected":false},"featured_media":18439,"comment_status":"open","ping_status":"closed","template":"","meta":[],"product_brand":[],"product_cat":[337,341,358],"product_tag":[],"class_list":{"0":"post-18431","1":"product","2":"type-product","3":"status-publish","4":"has-post-thumbnail","6":"product_cat-preparation","7":"product_cat-poids-mesures","8":"product_cat-thermometres","10":"first","11":"instock","12":"shipping-taxable","13":"product-type-simple"},"_links":{"self":[{"href":"https:\/\/www.rgequip.com\/index.php?rest_route=\/wp\/v2\/product\/18431","targetHints":{"allow":["GET"]}}],"collection":[{"href":"https:\/\/www.rgequip.com\/index.php?rest_route=\/wp\/v2\/product"}],"about":[{"href":"https:\/\/www.rgequip.com\/index.php?rest_route=\/wp\/v2\/types\/product"}],"replies":[{"embeddable":true,"href":"https:\/\/www.rgequip.com\/index.php?rest_route=%2Fwp%2Fv2%2Fcomments&post=18431"}],"version-history":[{"count":0,"href":"https:\/\/www.rgequip.com\/index.php?rest_route=\/wp\/v2\/product\/18431\/revisions"}],"wp:featuredmedia":[{"embeddable":true,"href":"https:\/\/www.rgequip.com\/index.php?rest_route=\/wp\/v2\/media\/18439"}],"wp:attachment":[{"href":"https:\/\/www.rgequip.com\/index.php?rest_route=%2Fwp%2Fv2%2Fmedia&parent=18431"}],"wp:term":[{"taxonomy":"product_brand","embeddable":true,"href":"https:\/\/www.rgequip.com\/index.php?rest_route=%2Fwp%2Fv2%2Fproduct_brand&post=18431"},{"taxonomy":"product_cat","embeddable":true,"href":"https:\/\/www.rgequip.com\/index.php?rest_route=%2Fwp%2Fv2%2Fproduct_cat&post=18431"},{"taxonomy":"product_tag","embeddable":true,"href":"https:\/\/www.rgequip.com\/index.php?rest_route=%2Fwp%2Fv2%2Fproduct_tag&post=18431"}],"curies":[{"name":"wp","href":"https:\/\/api.w.org\/{rel}","templated":true}]}}