{"id":18429,"date":"2020-09-04T15:43:37","date_gmt":"2020-09-04T13:43:37","guid":{"rendered":"https:\/\/www.rgequip.com\/?post_type=product&#038;p=18429"},"modified":"2020-09-04T15:43:38","modified_gmt":"2020-09-04T13:43:38","slug":"thermometre-a-sonde-etanche","status":"publish","type":"product","link":"https:\/\/www.rgequip.com\/?product=thermometre-a-sonde-etanche","title":{"rendered":"THERMOM\u00c8TRE A SONDE ETANCHE"},"content":{"rendered":"<div class=\"product-description\">\n<h2 class=\"product-description-header\">R\u00e9sum\u00e9<\/h2>\n<div class=\"product attribute description\">\n<div class=\"value\">Waterproof (imperm\u00e9able).<\/div>\n<div class=\"value\">Plage temp\u00e9rature de -50 \u00baC \u00e0 300 \u00baC. R\u00e9solution + ou &#8211; 0,1\u00b0C entre 19,9\u00b0C et 199,9\u00b0C, pour les autres plages de temp\u00e9rature 1\u00b0C. Pr\u00e9cision + ou &#8211; 1\u00b0C enter -20\u00b0C et 100\u00b0C, pour les autres plages de temp\u00e9rature \u00b1 2\u00b0C.<\/div>\n<div class=\"value\">Mode verrouillage afin de surveiller les temp\u00e9ratures en continu.<\/div>\n<div class=\"value\">Sonde en inox de 120 mm.<\/div>\n<div class=\"value\">Mesure la temp\u00e9rature dans une seconde.<\/div>\n<div class=\"value\">Avec housse de protection et manche ergonomique.<\/div>\n<div class=\"value\">S&#8217;\u00e9teint automatiquement apr\u00e8s 10 minutes.<\/div>\n<div class=\"value\">Livr\u00e9 avec pile.<\/div>\n<\/div>\n<\/div>\n","protected":false},"excerpt":{"rendered":"<p>R\u00e9sum\u00e9 Waterproof (imperm\u00e9able). Plage temp\u00e9rature de -50 \u00baC \u00e0 300 \u00baC. R\u00e9solution + ou &#8211; 0,1\u00b0C entre 19,9\u00b0C et 199,9\u00b0C,<\/p>\n","protected":false},"featured_media":18430,"comment_status":"open","ping_status":"closed","template":"","meta":[],"product_brand":[],"product_cat":[337,341,358],"product_tag":[],"class_list":{"0":"post-18429","1":"product","2":"type-product","3":"status-publish","4":"has-post-thumbnail","6":"product_cat-preparation","7":"product_cat-poids-mesures","8":"product_cat-thermometres","10":"first","11":"instock","12":"shipping-taxable","13":"product-type-simple"},"_links":{"self":[{"href":"https:\/\/www.rgequip.com\/index.php?rest_route=\/wp\/v2\/product\/18429","targetHints":{"allow":["GET"]}}],"collection":[{"href":"https:\/\/www.rgequip.com\/index.php?rest_route=\/wp\/v2\/product"}],"about":[{"href":"https:\/\/www.rgequip.com\/index.php?rest_route=\/wp\/v2\/types\/product"}],"replies":[{"embeddable":true,"href":"https:\/\/www.rgequip.com\/index.php?rest_route=%2Fwp%2Fv2%2Fcomments&post=18429"}],"version-history":[{"count":0,"href":"https:\/\/www.rgequip.com\/index.php?rest_route=\/wp\/v2\/product\/18429\/revisions"}],"wp:featuredmedia":[{"embeddable":true,"href":"https:\/\/www.rgequip.com\/index.php?rest_route=\/wp\/v2\/media\/18430"}],"wp:attachment":[{"href":"https:\/\/www.rgequip.com\/index.php?rest_route=%2Fwp%2Fv2%2Fmedia&parent=18429"}],"wp:term":[{"taxonomy":"product_brand","embeddable":true,"href":"https:\/\/www.rgequip.com\/index.php?rest_route=%2Fwp%2Fv2%2Fproduct_brand&post=18429"},{"taxonomy":"product_cat","embeddable":true,"href":"https:\/\/www.rgequip.com\/index.php?rest_route=%2Fwp%2Fv2%2Fproduct_cat&post=18429"},{"taxonomy":"product_tag","embeddable":true,"href":"https:\/\/www.rgequip.com\/index.php?rest_route=%2Fwp%2Fv2%2Fproduct_tag&post=18429"}],"curies":[{"name":"wp","href":"https:\/\/api.w.org\/{rel}","templated":true}]}}