{"id":18420,"date":"2020-09-04T14:43:52","date_gmt":"2020-09-04T12:43:52","guid":{"rendered":"https:\/\/www.rgequip.com\/?post_type=product&#038;p=18420"},"modified":"2020-09-04T14:43:52","modified_gmt":"2020-09-04T12:43:52","slug":"pot-a-mesurer-en-polyethylene-0-5-litre","status":"publish","type":"product","link":"https:\/\/www.rgequip.com\/?product=pot-a-mesurer-en-polyethylene-0-5-litre","title":{"rendered":"POT A MESURER EN POLY\u00c9THYL\u00c8NE 0.5 litre"},"content":{"rendered":"<h1 class=\"product-title\">Broc mesureur en polypropyl\u00e8ne<\/h1>\n<p>Doseur ou Pot mesureur<\/p>\n<p>Dimension:<\/p>\n<p>Diam\u00e8tre 90cm x Hauteur: 140cm<\/p>\n<p>Capacit\u00e9: 0.5L<\/p>\n<p>Un outil tr\u00e8s pratique dans la cuisine.<\/p>\n<p>Facile \u00e0 laver et voir nettement l&#8217;\u00e9chelle<\/p>\n","protected":false},"excerpt":{"rendered":"<p>Broc mesureur en polypropyl\u00e8ne Doseur ou Pot mesureur Dimension: Diam\u00e8tre 90cm x Hauteur: 140cm Capacit\u00e9: 0.5L Un outil tr\u00e8s pratique<\/p>\n","protected":false},"featured_media":18421,"comment_status":"open","ping_status":"closed","template":"","meta":[],"product_brand":[],"product_cat":[341,340,337,355],"product_tag":[],"class_list":{"0":"post-18420","1":"product","2":"type-product","3":"status-publish","4":"has-post-thumbnail","6":"product_cat-poids-mesures","7":"product_cat-accessoires-preparation","8":"product_cat-preparation","9":"product_cat-ustensils","11":"first","12":"instock","13":"shipping-taxable","14":"product-type-simple"},"_links":{"self":[{"href":"https:\/\/www.rgequip.com\/index.php?rest_route=\/wp\/v2\/product\/18420","targetHints":{"allow":["GET"]}}],"collection":[{"href":"https:\/\/www.rgequip.com\/index.php?rest_route=\/wp\/v2\/product"}],"about":[{"href":"https:\/\/www.rgequip.com\/index.php?rest_route=\/wp\/v2\/types\/product"}],"replies":[{"embeddable":true,"href":"https:\/\/www.rgequip.com\/index.php?rest_route=%2Fwp%2Fv2%2Fcomments&post=18420"}],"version-history":[{"count":0,"href":"https:\/\/www.rgequip.com\/index.php?rest_route=\/wp\/v2\/product\/18420\/revisions"}],"wp:featuredmedia":[{"embeddable":true,"href":"https:\/\/www.rgequip.com\/index.php?rest_route=\/wp\/v2\/media\/18421"}],"wp:attachment":[{"href":"https:\/\/www.rgequip.com\/index.php?rest_route=%2Fwp%2Fv2%2Fmedia&parent=18420"}],"wp:term":[{"taxonomy":"product_brand","embeddable":true,"href":"https:\/\/www.rgequip.com\/index.php?rest_route=%2Fwp%2Fv2%2Fproduct_brand&post=18420"},{"taxonomy":"product_cat","embeddable":true,"href":"https:\/\/www.rgequip.com\/index.php?rest_route=%2Fwp%2Fv2%2Fproduct_cat&post=18420"},{"taxonomy":"product_tag","embeddable":true,"href":"https:\/\/www.rgequip.com\/index.php?rest_route=%2Fwp%2Fv2%2Fproduct_tag&post=18420"}],"curies":[{"name":"wp","href":"https:\/\/api.w.org\/{rel}","templated":true}]}}