{"id":18414,"date":"2020-09-04T14:12:23","date_gmt":"2020-09-04T12:12:23","guid":{"rendered":"https:\/\/www.rgequip.com\/?post_type=product&#038;p=18414"},"modified":"2020-09-04T14:12:23","modified_gmt":"2020-09-04T12:12:23","slug":"egouttoir-perfore-o285xh115-mm","status":"publish","type":"product","link":"https:\/\/www.rgequip.com\/?product=egouttoir-perfore-o285xh115-mm","title":{"rendered":"\u00c9GOUTTOIR PERFORE \u00f8285x(h)115 mm"},"content":{"rendered":"<p>\u00c9gouttoirs Sur pied avec 2 poign\u00e9es<\/p>\n<p>Dim\u00a0: \u00f8285mm* (H) 115 mm<\/p>\n","protected":false},"excerpt":{"rendered":"<p>\u00c9gouttoirs Sur pied avec 2 poign\u00e9es Dim\u00a0: \u00f8285mm* (H) 115 mm<\/p>\n","protected":false},"featured_media":18415,"comment_status":"open","ping_status":"closed","template":"","meta":[],"product_brand":[],"product_cat":[337,340,355],"product_tag":[],"class_list":{"0":"post-18414","1":"product","2":"type-product","3":"status-publish","4":"has-post-thumbnail","6":"product_cat-preparation","7":"product_cat-accessoires-preparation","8":"product_cat-ustensils","10":"first","11":"instock","12":"shipping-taxable","13":"product-type-simple"},"_links":{"self":[{"href":"https:\/\/www.rgequip.com\/index.php?rest_route=\/wp\/v2\/product\/18414","targetHints":{"allow":["GET"]}}],"collection":[{"href":"https:\/\/www.rgequip.com\/index.php?rest_route=\/wp\/v2\/product"}],"about":[{"href":"https:\/\/www.rgequip.com\/index.php?rest_route=\/wp\/v2\/types\/product"}],"replies":[{"embeddable":true,"href":"https:\/\/www.rgequip.com\/index.php?rest_route=%2Fwp%2Fv2%2Fcomments&post=18414"}],"version-history":[{"count":0,"href":"https:\/\/www.rgequip.com\/index.php?rest_route=\/wp\/v2\/product\/18414\/revisions"}],"wp:featuredmedia":[{"embeddable":true,"href":"https:\/\/www.rgequip.com\/index.php?rest_route=\/wp\/v2\/media\/18415"}],"wp:attachment":[{"href":"https:\/\/www.rgequip.com\/index.php?rest_route=%2Fwp%2Fv2%2Fmedia&parent=18414"}],"wp:term":[{"taxonomy":"product_brand","embeddable":true,"href":"https:\/\/www.rgequip.com\/index.php?rest_route=%2Fwp%2Fv2%2Fproduct_brand&post=18414"},{"taxonomy":"product_cat","embeddable":true,"href":"https:\/\/www.rgequip.com\/index.php?rest_route=%2Fwp%2Fv2%2Fproduct_cat&post=18414"},{"taxonomy":"product_tag","embeddable":true,"href":"https:\/\/www.rgequip.com\/index.php?rest_route=%2Fwp%2Fv2%2Fproduct_tag&post=18414"}],"curies":[{"name":"wp","href":"https:\/\/api.w.org\/{rel}","templated":true}]}}