{"id":18409,"date":"2020-09-04T13:35:38","date_gmt":"2020-09-04T11:35:38","guid":{"rendered":"https:\/\/www.rgequip.com\/?post_type=product&#038;p=18409"},"modified":"2020-09-04T17:45:38","modified_gmt":"2020-09-04T15:45:38","slug":"pince-de-service-inox-345mm","status":"publish","type":"product","link":"https:\/\/www.rgequip.com\/?product=pince-de-service-inox-345mm","title":{"rendered":"PINCE DE SERVICE INOX 345MM"},"content":{"rendered":"<p>Pincettes en silicone r\u00e9sistant \u00e0 la chaleur. Poign\u00e9e avec crochets de blocage.<\/p>\n<p>Dim : 345 mm<\/p>\n<p>-Bout silicon\u00e9<\/p>\n<p>-Poign\u00e9 doux<\/p>\n","protected":false},"excerpt":{"rendered":"<p>Pincettes en silicone r\u00e9sistant \u00e0 la chaleur. Poign\u00e9e avec crochets de blocage. Dim : 345 mm -Bout silicon\u00e9 -Poign\u00e9 doux<\/p>\n","protected":false},"featured_media":18434,"comment_status":"open","ping_status":"closed","template":"","meta":[],"product_brand":[],"product_cat":[337,340,355],"product_tag":[],"class_list":{"0":"post-18409","1":"product","2":"type-product","3":"status-publish","4":"has-post-thumbnail","6":"product_cat-preparation","7":"product_cat-accessoires-preparation","8":"product_cat-ustensils","10":"first","11":"instock","12":"shipping-taxable","13":"product-type-simple"},"_links":{"self":[{"href":"https:\/\/www.rgequip.com\/index.php?rest_route=\/wp\/v2\/product\/18409","targetHints":{"allow":["GET"]}}],"collection":[{"href":"https:\/\/www.rgequip.com\/index.php?rest_route=\/wp\/v2\/product"}],"about":[{"href":"https:\/\/www.rgequip.com\/index.php?rest_route=\/wp\/v2\/types\/product"}],"replies":[{"embeddable":true,"href":"https:\/\/www.rgequip.com\/index.php?rest_route=%2Fwp%2Fv2%2Fcomments&post=18409"}],"version-history":[{"count":1,"href":"https:\/\/www.rgequip.com\/index.php?rest_route=\/wp\/v2\/product\/18409\/revisions"}],"predecessor-version":[{"id":18437,"href":"https:\/\/www.rgequip.com\/index.php?rest_route=\/wp\/v2\/product\/18409\/revisions\/18437"}],"wp:featuredmedia":[{"embeddable":true,"href":"https:\/\/www.rgequip.com\/index.php?rest_route=\/wp\/v2\/media\/18434"}],"wp:attachment":[{"href":"https:\/\/www.rgequip.com\/index.php?rest_route=%2Fwp%2Fv2%2Fmedia&parent=18409"}],"wp:term":[{"taxonomy":"product_brand","embeddable":true,"href":"https:\/\/www.rgequip.com\/index.php?rest_route=%2Fwp%2Fv2%2Fproduct_brand&post=18409"},{"taxonomy":"product_cat","embeddable":true,"href":"https:\/\/www.rgequip.com\/index.php?rest_route=%2Fwp%2Fv2%2Fproduct_cat&post=18409"},{"taxonomy":"product_tag","embeddable":true,"href":"https:\/\/www.rgequip.com\/index.php?rest_route=%2Fwp%2Fv2%2Fproduct_tag&post=18409"}],"curies":[{"name":"wp","href":"https:\/\/api.w.org\/{rel}","templated":true}]}}