{"id":18407,"date":"2020-09-04T12:32:00","date_gmt":"2020-09-04T10:32:00","guid":{"rendered":"https:\/\/www.rgequip.com\/?post_type=product&#038;p=18407"},"modified":"2020-09-04T17:30:41","modified_gmt":"2020-09-04T15:30:41","slug":"pince-de-service-en-inox-265-mm","status":"publish","type":"product","link":"https:\/\/www.rgequip.com\/?product=pince-de-service-en-inox-265-mm","title":{"rendered":"Pince de service en Inox 265 mm"},"content":{"rendered":"<div class=\"product-description-header\">R\u00e9sum\u00e9<\/div>\n<div><\/div>\n<div class=\"product attribute description\">\n<div class=\"value\">Pincettes en silicone r\u00e9sistant \u00e0 la chaleur. Poign\u00e9e avec crochets de blocage.<\/div>\n<div>\n<p>Dim : 265 mm<\/p>\n<p>-Bout silicon\u00e9<\/p>\n<p>-Poign\u00e9 doux<\/p>\n<\/div>\n<\/div>\n","protected":false},"excerpt":{"rendered":"<p>R\u00e9sum\u00e9 Pincettes en silicone r\u00e9sistant \u00e0 la chaleur. Poign\u00e9e avec crochets de blocage. Dim : 265 mm -Bout silicon\u00e9 -Poign\u00e9<\/p>\n","protected":false},"featured_media":18434,"comment_status":"open","ping_status":"closed","template":"","meta":[],"product_brand":[],"product_cat":[337,340,355],"product_tag":[],"class_list":{"0":"post-18407","1":"product","2":"type-product","3":"status-publish","4":"has-post-thumbnail","6":"product_cat-preparation","7":"product_cat-accessoires-preparation","8":"product_cat-ustensils","10":"first","11":"instock","12":"shipping-taxable","13":"product-type-simple"},"_links":{"self":[{"href":"https:\/\/www.rgequip.com\/index.php?rest_route=\/wp\/v2\/product\/18407","targetHints":{"allow":["GET"]}}],"collection":[{"href":"https:\/\/www.rgequip.com\/index.php?rest_route=\/wp\/v2\/product"}],"about":[{"href":"https:\/\/www.rgequip.com\/index.php?rest_route=\/wp\/v2\/types\/product"}],"replies":[{"embeddable":true,"href":"https:\/\/www.rgequip.com\/index.php?rest_route=%2Fwp%2Fv2%2Fcomments&post=18407"}],"version-history":[{"count":0,"href":"https:\/\/www.rgequip.com\/index.php?rest_route=\/wp\/v2\/product\/18407\/revisions"}],"wp:featuredmedia":[{"embeddable":true,"href":"https:\/\/www.rgequip.com\/index.php?rest_route=\/wp\/v2\/media\/18434"}],"wp:attachment":[{"href":"https:\/\/www.rgequip.com\/index.php?rest_route=%2Fwp%2Fv2%2Fmedia&parent=18407"}],"wp:term":[{"taxonomy":"product_brand","embeddable":true,"href":"https:\/\/www.rgequip.com\/index.php?rest_route=%2Fwp%2Fv2%2Fproduct_brand&post=18407"},{"taxonomy":"product_cat","embeddable":true,"href":"https:\/\/www.rgequip.com\/index.php?rest_route=%2Fwp%2Fv2%2Fproduct_cat&post=18407"},{"taxonomy":"product_tag","embeddable":true,"href":"https:\/\/www.rgequip.com\/index.php?rest_route=%2Fwp%2Fv2%2Fproduct_tag&post=18407"}],"curies":[{"name":"wp","href":"https:\/\/api.w.org\/{rel}","templated":true}]}}