{"id":18394,"date":"2020-08-31T11:52:01","date_gmt":"2020-08-31T09:52:01","guid":{"rendered":"https:\/\/www.rgequip.com\/?post_type=product&#038;p=18394"},"modified":"2020-09-04T17:39:10","modified_gmt":"2020-09-04T15:39:10","slug":"pocheuse-a-poisson-60cm","status":"publish","type":"product","link":"https:\/\/www.rgequip.com\/?product=pocheuse-a-poisson-60cm","title":{"rendered":"Pocheuse \u00e0 poisson 60cm"},"content":{"rendered":"<p>Avec un plateau sur\u00e9lev\u00e9 \u00e0 l\u2019int\u00e9rieur pour pocher le poisson. Le casserole est facile \u00e0 nettoyer et \u00e0 entretenir.<\/p>\n<p>Grande casserole pour cuire le poisson \u00e0 la vapeur.<\/p>\n<p>-Convient pour les plaques de cuisson au gaz, en c\u00e9ramique et \u00e9lectriques<\/p>\n<p>-Convient pour une utilisation dans les fours.<\/p>\n","protected":false},"excerpt":{"rendered":"<p>Avec un plateau sur\u00e9lev\u00e9 \u00e0 l\u2019int\u00e9rieur pour pocher le poisson. Le casserole est facile \u00e0 nettoyer et \u00e0 entretenir. Grande<\/p>\n","protected":false},"featured_media":18435,"comment_status":"open","ping_status":"closed","template":"","meta":[],"product_brand":[],"product_cat":[337,340,354],"product_tag":[],"class_list":{"0":"post-18394","1":"product","2":"type-product","3":"status-publish","4":"has-post-thumbnail","6":"product_cat-preparation","7":"product_cat-accessoires-preparation","8":"product_cat-poeles","10":"first","11":"instock","12":"shipping-taxable","13":"product-type-simple"},"_links":{"self":[{"href":"https:\/\/www.rgequip.com\/index.php?rest_route=\/wp\/v2\/product\/18394","targetHints":{"allow":["GET"]}}],"collection":[{"href":"https:\/\/www.rgequip.com\/index.php?rest_route=\/wp\/v2\/product"}],"about":[{"href":"https:\/\/www.rgequip.com\/index.php?rest_route=\/wp\/v2\/types\/product"}],"replies":[{"embeddable":true,"href":"https:\/\/www.rgequip.com\/index.php?rest_route=%2Fwp%2Fv2%2Fcomments&post=18394"}],"version-history":[{"count":0,"href":"https:\/\/www.rgequip.com\/index.php?rest_route=\/wp\/v2\/product\/18394\/revisions"}],"wp:featuredmedia":[{"embeddable":true,"href":"https:\/\/www.rgequip.com\/index.php?rest_route=\/wp\/v2\/media\/18435"}],"wp:attachment":[{"href":"https:\/\/www.rgequip.com\/index.php?rest_route=%2Fwp%2Fv2%2Fmedia&parent=18394"}],"wp:term":[{"taxonomy":"product_brand","embeddable":true,"href":"https:\/\/www.rgequip.com\/index.php?rest_route=%2Fwp%2Fv2%2Fproduct_brand&post=18394"},{"taxonomy":"product_cat","embeddable":true,"href":"https:\/\/www.rgequip.com\/index.php?rest_route=%2Fwp%2Fv2%2Fproduct_cat&post=18394"},{"taxonomy":"product_tag","embeddable":true,"href":"https:\/\/www.rgequip.com\/index.php?rest_route=%2Fwp%2Fv2%2Fproduct_tag&post=18394"}],"curies":[{"name":"wp","href":"https:\/\/api.w.org\/{rel}","templated":true}]}}