{"id":18383,"date":"2020-08-17T15:45:21","date_gmt":"2020-08-17T13:45:21","guid":{"rendered":"https:\/\/www.rgequip.com\/?post_type=product&#038;p=18383"},"modified":"2021-02-03T13:36:22","modified_gmt":"2021-02-03T12:36:22","slug":"meuble-refrigere-03-portes-vitrees","status":"publish","type":"product","link":"https:\/\/www.rgequip.com\/?product=meuble-refrigere-03-portes-vitrees","title":{"rendered":"Arri\u00e8re bar R\u00e9frig\u00e9r\u00e9 03 portes vitr\u00e9es"},"content":{"rendered":"<p>Il poss\u00e8de:<\/p>\n<ul>\n<li>un thermostat<\/li>\n<li>un d\u00e9givrage automatique<\/li>\n<li>des portes en verre (Arri\u00e8re bar vitr\u00e9)<\/li>\n<li>l temp\u00e9rature de fonctionnement: 0\u00b0c\/+10\u00b0c<\/li>\n<li>Int\u00e9rieur et Ext\u00e9rieur: Acier inoxydable<\/li>\n<li>40 \u00b1 2 kg \/ m\u00b3 de densit\u00e9 \u00e9cologique sans CFC isolation en polyur\u00e9thane<\/li>\n<li>Amovible et nettoyable magn\u00e9tique<\/li>\n<li>Charni\u00e8res avec ressorts<\/li>\n<li>Support r\u00e9glable d&#8217;\u00e9tag\u00e8re d&#8217;acier inoxydable<\/li>\n<li>Pieds r\u00e9glables<\/li>\n<\/ul>\n<p>&nbsp;<\/p>\n<p>&nbsp;<\/p>\n","protected":false},"excerpt":{"rendered":"<p>Il poss\u00e8de: un thermostat un d\u00e9givrage automatique des portes en verre (Arri\u00e8re bar vitr\u00e9) l temp\u00e9rature de fonctionnement: 0\u00b0c\/+10\u00b0c Int\u00e9rieur<\/p>\n","protected":false},"featured_media":18386,"comment_status":"open","ping_status":"closed","template":"","meta":[],"product_brand":[],"product_cat":[268,284,271,1352,1351,280,270,283],"product_tag":[],"class_list":{"0":"post-18383","1":"product","2":"type-product","3":"status-publish","4":"has-post-thumbnail","6":"product_cat-froids","7":"product_cat-arrieres-bars","8":"product_cat-boissons","9":"product_cat-m-positifs","10":"product_cat-meubles","11":"product_cat-t-positive","12":"product_cat-tables","13":"product_cat-tour-patissiere","15":"first","16":"instock","17":"shipping-taxable","18":"product-type-simple"},"_links":{"self":[{"href":"https:\/\/www.rgequip.com\/index.php?rest_route=\/wp\/v2\/product\/18383","targetHints":{"allow":["GET"]}}],"collection":[{"href":"https:\/\/www.rgequip.com\/index.php?rest_route=\/wp\/v2\/product"}],"about":[{"href":"https:\/\/www.rgequip.com\/index.php?rest_route=\/wp\/v2\/types\/product"}],"replies":[{"embeddable":true,"href":"https:\/\/www.rgequip.com\/index.php?rest_route=%2Fwp%2Fv2%2Fcomments&post=18383"}],"version-history":[{"count":1,"href":"https:\/\/www.rgequip.com\/index.php?rest_route=\/wp\/v2\/product\/18383\/revisions"}],"predecessor-version":[{"id":18692,"href":"https:\/\/www.rgequip.com\/index.php?rest_route=\/wp\/v2\/product\/18383\/revisions\/18692"}],"wp:featuredmedia":[{"embeddable":true,"href":"https:\/\/www.rgequip.com\/index.php?rest_route=\/wp\/v2\/media\/18386"}],"wp:attachment":[{"href":"https:\/\/www.rgequip.com\/index.php?rest_route=%2Fwp%2Fv2%2Fmedia&parent=18383"}],"wp:term":[{"taxonomy":"product_brand","embeddable":true,"href":"https:\/\/www.rgequip.com\/index.php?rest_route=%2Fwp%2Fv2%2Fproduct_brand&post=18383"},{"taxonomy":"product_cat","embeddable":true,"href":"https:\/\/www.rgequip.com\/index.php?rest_route=%2Fwp%2Fv2%2Fproduct_cat&post=18383"},{"taxonomy":"product_tag","embeddable":true,"href":"https:\/\/www.rgequip.com\/index.php?rest_route=%2Fwp%2Fv2%2Fproduct_tag&post=18383"}],"curies":[{"name":"wp","href":"https:\/\/api.w.org\/{rel}","templated":true}]}}