{"id":18372,"date":"2020-07-22T17:23:55","date_gmt":"2020-07-22T15:23:55","guid":{"rendered":"https:\/\/www.rgequip.com\/?post_type=product&#038;p=18372"},"modified":"2020-07-22T17:23:55","modified_gmt":"2020-07-22T15:23:55","slug":"fourneau-electrique-maritime-04-plaques-carrees","status":"publish","type":"product","link":"https:\/\/www.rgequip.com\/?product=fourneau-electrique-maritime-04-plaques-carrees","title":{"rendered":"Fourneau Electrique Maritime 04 Plaques carr\u00e9es"},"content":{"rendered":"<p>Fourneau \u00e9lectrique 04 plaques sur four \u00e9lectrique<\/p>\n<p>Mod\u00e8le de navire \u00e9lectrique \u00e0 4 plaques carr\u00e9es<\/p>\n","protected":false},"excerpt":{"rendered":"<p>Fourneau \u00e9lectrique 04 plaques sur four \u00e9lectrique Mod\u00e8le de navire \u00e9lectrique \u00e0 4 plaques carr\u00e9es<\/p>\n","protected":false},"featured_media":18373,"comment_status":"open","ping_status":"closed","template":"","meta":[],"product_brand":[],"product_cat":[226,227,237],"product_tag":[],"class_list":{"0":"post-18372","1":"product","2":"type-product","3":"status-publish","4":"has-post-thumbnail","6":"product_cat-cuisson","7":"product_cat-fourneaux","8":"product_cat-series-700-900","10":"first","11":"instock","12":"shipping-taxable","13":"product-type-simple"},"_links":{"self":[{"href":"https:\/\/www.rgequip.com\/index.php?rest_route=\/wp\/v2\/product\/18372","targetHints":{"allow":["GET"]}}],"collection":[{"href":"https:\/\/www.rgequip.com\/index.php?rest_route=\/wp\/v2\/product"}],"about":[{"href":"https:\/\/www.rgequip.com\/index.php?rest_route=\/wp\/v2\/types\/product"}],"replies":[{"embeddable":true,"href":"https:\/\/www.rgequip.com\/index.php?rest_route=%2Fwp%2Fv2%2Fcomments&post=18372"}],"version-history":[{"count":1,"href":"https:\/\/www.rgequip.com\/index.php?rest_route=\/wp\/v2\/product\/18372\/revisions"}],"predecessor-version":[{"id":18665,"href":"https:\/\/www.rgequip.com\/index.php?rest_route=\/wp\/v2\/product\/18372\/revisions\/18665"}],"wp:featuredmedia":[{"embeddable":true,"href":"https:\/\/www.rgequip.com\/index.php?rest_route=\/wp\/v2\/media\/18373"}],"wp:attachment":[{"href":"https:\/\/www.rgequip.com\/index.php?rest_route=%2Fwp%2Fv2%2Fmedia&parent=18372"}],"wp:term":[{"taxonomy":"product_brand","embeddable":true,"href":"https:\/\/www.rgequip.com\/index.php?rest_route=%2Fwp%2Fv2%2Fproduct_brand&post=18372"},{"taxonomy":"product_cat","embeddable":true,"href":"https:\/\/www.rgequip.com\/index.php?rest_route=%2Fwp%2Fv2%2Fproduct_cat&post=18372"},{"taxonomy":"product_tag","embeddable":true,"href":"https:\/\/www.rgequip.com\/index.php?rest_route=%2Fwp%2Fv2%2Fproduct_tag&post=18372"}],"curies":[{"name":"wp","href":"https:\/\/api.w.org\/{rel}","templated":true}]}}