{"id":18362,"date":"2020-07-22T15:32:36","date_gmt":"2020-07-22T13:32:36","guid":{"rendered":"https:\/\/www.rgequip.com\/?post_type=product&#038;p=18362"},"modified":"2020-07-22T15:32:37","modified_gmt":"2020-07-22T13:32:37","slug":"bac-gastronorme-gn-1-1-inox","status":"publish","type":"product","link":"https:\/\/www.rgequip.com\/?product=bac-gastronorme-gn-1-1-inox","title":{"rendered":"Bac gastronorme Gn 1\/1 inox"},"content":{"rendered":"<p><strong>Le bac gastronorme inox GN 1\/1<\/strong> s&#8217;utilisent pour:<\/p>\n<ul>\n<li>la cuisson<\/li>\n<li>l&#8217;entreposage<\/li>\n<li>le r\u00e9chauffage,<\/li>\n<li>le transport,<\/li>\n<li>le refroidissement rapide et la pr\u00e9sentation.<\/li>\n<\/ul>\n<p>Il peut passer directement du four au r\u00e9frig\u00e9rateur sans temps de pause.<\/p>\n<p>De plus, enti\u00e8rement en acier inoxydable il sert \u00e0:<\/p>\n<ul>\n<li>la pr\u00e9paration<\/li>\n<li>la cuisson ou la surg\u00e9lation<\/li>\n<li>la d\u00e9cong\u00e9lation<\/li>\n<li>le service<\/li>\n<li>la distribution des aliments liquides ou solides.<\/li>\n<\/ul>\n<p><b>De m\u00eame, il s&#8217;adapte\u00a0 \u00a0parfaitement s\u2019adapter aux rayonnages de cuisine<\/b>, aux \u00e9chelles de transport pour bacs gastronormes, et aussi chariots, \u00e9viers, tables de travail tiroirs, r\u00e9frig\u00e9rateurs, comptoirs r\u00e9frig\u00e9r\u00e9s, fours, bains maries, bandes de transport, lave-vaisselles, pr\u00e9sentoirs&#8230; ,<\/p>\n<p>&nbsp;<\/p>\n","protected":false},"excerpt":{"rendered":"<p>Le bac gastronorme inox GN 1\/1 s&#8217;utilisent pour: la cuisson l&#8217;entreposage le r\u00e9chauffage, le transport, le refroidissement rapide et la<\/p>\n","protected":false},"featured_media":18363,"comment_status":"open","ping_status":"closed","template":"","meta":[],"product_brand":[],"product_cat":[226,345,338,337],"product_tag":[],"class_list":{"0":"post-18362","1":"product","2":"type-product","3":"status-publish","4":"has-post-thumbnail","6":"product_cat-cuisson","7":"product_cat-bacs-gastronomes","8":"product_cat-plaques-bacs","9":"product_cat-preparation","11":"first","12":"instock","13":"shipping-taxable","14":"product-type-simple"},"_links":{"self":[{"href":"https:\/\/www.rgequip.com\/index.php?rest_route=\/wp\/v2\/product\/18362","targetHints":{"allow":["GET"]}}],"collection":[{"href":"https:\/\/www.rgequip.com\/index.php?rest_route=\/wp\/v2\/product"}],"about":[{"href":"https:\/\/www.rgequip.com\/index.php?rest_route=\/wp\/v2\/types\/product"}],"replies":[{"embeddable":true,"href":"https:\/\/www.rgequip.com\/index.php?rest_route=%2Fwp%2Fv2%2Fcomments&post=18362"}],"version-history":[{"count":0,"href":"https:\/\/www.rgequip.com\/index.php?rest_route=\/wp\/v2\/product\/18362\/revisions"}],"wp:featuredmedia":[{"embeddable":true,"href":"https:\/\/www.rgequip.com\/index.php?rest_route=\/wp\/v2\/media\/18363"}],"wp:attachment":[{"href":"https:\/\/www.rgequip.com\/index.php?rest_route=%2Fwp%2Fv2%2Fmedia&parent=18362"}],"wp:term":[{"taxonomy":"product_brand","embeddable":true,"href":"https:\/\/www.rgequip.com\/index.php?rest_route=%2Fwp%2Fv2%2Fproduct_brand&post=18362"},{"taxonomy":"product_cat","embeddable":true,"href":"https:\/\/www.rgequip.com\/index.php?rest_route=%2Fwp%2Fv2%2Fproduct_cat&post=18362"},{"taxonomy":"product_tag","embeddable":true,"href":"https:\/\/www.rgequip.com\/index.php?rest_route=%2Fwp%2Fv2%2Fproduct_tag&post=18362"}],"curies":[{"name":"wp","href":"https:\/\/api.w.org\/{rel}","templated":true}]}}