{"id":18355,"date":"2020-07-21T17:23:21","date_gmt":"2020-07-21T15:23:21","guid":{"rendered":"https:\/\/www.rgequip.com\/?post_type=product&#038;p=18355"},"modified":"2020-07-22T17:14:48","modified_gmt":"2020-07-22T15:14:48","slug":"four-electrique-04-niveaux","status":"publish","type":"product","link":"https:\/\/www.rgequip.com\/?product=four-electrique-04-niveaux","title":{"rendered":"Four Electrique 06 niveaux"},"content":{"rendered":"<p>Syst\u00e8me de ventilateur inverseur bidirectionnel avec r\u00e9gulation \u00e9lectronique de l&#8217;injection d&#8217;eau puis minuterie m\u00e9canique 0-120<\/p>\n<p>muni d\u2019une r\u00e9gulation 2 vitesses avec \u00e9clairage halog\u00e8ne<\/p>\n<p>&nbsp;<\/p>\n","protected":false},"excerpt":{"rendered":"<p>Syst\u00e8me de ventilateur inverseur bidirectionnel avec r\u00e9gulation \u00e9lectronique de l&#8217;injection d&#8217;eau puis minuterie m\u00e9canique 0-120 muni d\u2019une r\u00e9gulation 2 vitesses<\/p>\n","protected":false},"featured_media":18358,"comment_status":"open","ping_status":"closed","template":"","meta":[],"product_brand":[],"product_cat":[369,372,385],"product_tag":[],"class_list":{"0":"post-18355","1":"product","2":"type-product","3":"status-publish","4":"has-post-thumbnail","6":"product_cat-boulangerie","7":"product_cat-cuisson-boulangerie","8":"product_cat-four-ventiles-sans-chariot","10":"first","11":"instock","12":"shipping-taxable","13":"product-type-simple"},"_links":{"self":[{"href":"https:\/\/www.rgequip.com\/index.php?rest_route=\/wp\/v2\/product\/18355","targetHints":{"allow":["GET"]}}],"collection":[{"href":"https:\/\/www.rgequip.com\/index.php?rest_route=\/wp\/v2\/product"}],"about":[{"href":"https:\/\/www.rgequip.com\/index.php?rest_route=\/wp\/v2\/types\/product"}],"replies":[{"embeddable":true,"href":"https:\/\/www.rgequip.com\/index.php?rest_route=%2Fwp%2Fv2%2Fcomments&post=18355"}],"version-history":[{"count":0,"href":"https:\/\/www.rgequip.com\/index.php?rest_route=\/wp\/v2\/product\/18355\/revisions"}],"wp:featuredmedia":[{"embeddable":true,"href":"https:\/\/www.rgequip.com\/index.php?rest_route=\/wp\/v2\/media\/18358"}],"wp:attachment":[{"href":"https:\/\/www.rgequip.com\/index.php?rest_route=%2Fwp%2Fv2%2Fmedia&parent=18355"}],"wp:term":[{"taxonomy":"product_brand","embeddable":true,"href":"https:\/\/www.rgequip.com\/index.php?rest_route=%2Fwp%2Fv2%2Fproduct_brand&post=18355"},{"taxonomy":"product_cat","embeddable":true,"href":"https:\/\/www.rgequip.com\/index.php?rest_route=%2Fwp%2Fv2%2Fproduct_cat&post=18355"},{"taxonomy":"product_tag","embeddable":true,"href":"https:\/\/www.rgequip.com\/index.php?rest_route=%2Fwp%2Fv2%2Fproduct_tag&post=18355"}],"curies":[{"name":"wp","href":"https:\/\/api.w.org\/{rel}","templated":true}]}}