{"id":18352,"date":"2020-07-21T17:08:19","date_gmt":"2020-07-21T15:08:19","guid":{"rendered":"https:\/\/www.rgequip.com\/?post_type=product&#038;p=18352"},"modified":"2020-07-21T17:08:19","modified_gmt":"2020-07-21T15:08:19","slug":"etuve-de-fermentation","status":"publish","type":"product","link":"https:\/\/www.rgequip.com\/?product=etuve-de-fermentation","title":{"rendered":"Etuve de Fermentation"},"content":{"rendered":"<div class=\"ldcomIN\">\n<div class=\"ldcomIN\">\n<div class=\"ldcomIN\"><span id=\"ID0EOB\">C&#8217;est:<\/span><\/div>\n<ul>\n<li class=\"ldcomIN\"><span id=\"ID0EOB\">un <\/span><span class=\"nbsp2\">\u00a0<\/span>\u00a0<span id=\"ID0EYB\">local dans lequel on fait monter la temp\u00e9rature pour provoquer la transpiration<span class=\"nbsp1\"> \u00a0<\/span><\/span><\/li>\n<li class=\"ldcomIN\">une pi\u00e8ce o\u00f9 il fait tr\u00e8s chaud<span class=\"nbsp1\"> \u00a0<\/span><\/li>\n<li class=\"ldcomIN\"><span class=\"nbsp2\">un <\/span>\u00a0<span id=\"ID0EXD\">appareil qui sert \u00e0 la d\u00e9sinfection ou \u00e0 la st\u00e9rilisation par la chaleur<span class=\"nbsp1\"> \u00a0<\/span><\/span><\/li>\n<li class=\"ldcomIN\"><span id=\"ID0ELE\"><span class=\"nbsp1\">un <\/span><\/span>\u00a0<span id=\"ID0EXE\">appareil chauff\u00e9 qui maintient les bains de cultures exp\u00e9rimentales \u00e0 temp\u00e9rature constante<span class=\"nbsp1\">\u00a0\u00a0<\/span><\/span><\/li>\n<\/ul>\n<\/div>\n<\/div>\n","protected":false},"excerpt":{"rendered":"<p>C&#8217;est: un \u00a0\u00a0local dans lequel on fait monter la temp\u00e9rature pour provoquer la transpiration \u00a0 une pi\u00e8ce o\u00f9 il fait<\/p>\n","protected":false},"featured_media":18353,"comment_status":"open","ping_status":"closed","template":"","meta":[],"product_brand":[],"product_cat":[369,379,370],"product_tag":[],"class_list":{"0":"post-18352","1":"product","2":"type-product","3":"status-publish","4":"has-post-thumbnail","6":"product_cat-boulangerie","7":"product_cat-etuve-de-fermentation","8":"product_cat-production-de-pain","10":"first","11":"instock","12":"shipping-taxable","13":"product-type-simple"},"_links":{"self":[{"href":"https:\/\/www.rgequip.com\/index.php?rest_route=\/wp\/v2\/product\/18352","targetHints":{"allow":["GET"]}}],"collection":[{"href":"https:\/\/www.rgequip.com\/index.php?rest_route=\/wp\/v2\/product"}],"about":[{"href":"https:\/\/www.rgequip.com\/index.php?rest_route=\/wp\/v2\/types\/product"}],"replies":[{"embeddable":true,"href":"https:\/\/www.rgequip.com\/index.php?rest_route=%2Fwp%2Fv2%2Fcomments&post=18352"}],"version-history":[{"count":0,"href":"https:\/\/www.rgequip.com\/index.php?rest_route=\/wp\/v2\/product\/18352\/revisions"}],"wp:featuredmedia":[{"embeddable":true,"href":"https:\/\/www.rgequip.com\/index.php?rest_route=\/wp\/v2\/media\/18353"}],"wp:attachment":[{"href":"https:\/\/www.rgequip.com\/index.php?rest_route=%2Fwp%2Fv2%2Fmedia&parent=18352"}],"wp:term":[{"taxonomy":"product_brand","embeddable":true,"href":"https:\/\/www.rgequip.com\/index.php?rest_route=%2Fwp%2Fv2%2Fproduct_brand&post=18352"},{"taxonomy":"product_cat","embeddable":true,"href":"https:\/\/www.rgequip.com\/index.php?rest_route=%2Fwp%2Fv2%2Fproduct_cat&post=18352"},{"taxonomy":"product_tag","embeddable":true,"href":"https:\/\/www.rgequip.com\/index.php?rest_route=%2Fwp%2Fv2%2Fproduct_tag&post=18352"}],"curies":[{"name":"wp","href":"https:\/\/api.w.org\/{rel}","templated":true}]}}