{"id":18347,"date":"2020-07-21T16:49:45","date_gmt":"2020-07-21T14:49:45","guid":{"rendered":"https:\/\/www.rgequip.com\/?post_type=product&#038;p=18347"},"modified":"2020-07-21T16:49:45","modified_gmt":"2020-07-21T14:49:45","slug":"four-gaz-07-niveaux","status":"publish","type":"product","link":"https:\/\/www.rgequip.com\/?product=four-gaz-07-niveaux","title":{"rendered":"Four Gaz 07 Niveaux"},"content":{"rendered":"<p>Il poss\u00e8de :<\/p>\n<ul>\n<li>une cuisson par vapeur et par convection<\/li>\n<li>une Possibilit\u00e9 de m\u00e9moriser les programmes de cuisson avec nom et images.<\/li>\n<li>Muni d\u2019une technologie brise-goutte pour une excellente humidit\u00e9<\/li>\n<li>Refroidissement automatique.<\/li>\n<li>un Syst\u00e8me autonettoyant.<\/li>\n<li>R\u00e9gulation num\u00e9rique de l\u2019injection d\u2019eau<\/li>\n<li>un Syst\u00e8me de verre interne facile \u00e0 nettoyer<\/li>\n<li>une structure d\u2019isolation thermique avec \u00e9clairage int\u00e9gr\u00e9 dans la porte<\/li>\n<\/ul>\n","protected":false},"excerpt":{"rendered":"<p>Il poss\u00e8de : une cuisson par vapeur et par convection une Possibilit\u00e9 de m\u00e9moriser les programmes de cuisson avec nom<\/p>\n","protected":false},"featured_media":18350,"comment_status":"open","ping_status":"closed","template":"","meta":[],"product_brand":[],"product_cat":[369,372,385],"product_tag":[],"class_list":{"0":"post-18347","1":"product","2":"type-product","3":"status-publish","4":"has-post-thumbnail","6":"product_cat-boulangerie","7":"product_cat-cuisson-boulangerie","8":"product_cat-four-ventiles-sans-chariot","10":"first","11":"instock","12":"shipping-taxable","13":"product-type-simple"},"_links":{"self":[{"href":"https:\/\/www.rgequip.com\/index.php?rest_route=\/wp\/v2\/product\/18347","targetHints":{"allow":["GET"]}}],"collection":[{"href":"https:\/\/www.rgequip.com\/index.php?rest_route=\/wp\/v2\/product"}],"about":[{"href":"https:\/\/www.rgequip.com\/index.php?rest_route=\/wp\/v2\/types\/product"}],"replies":[{"embeddable":true,"href":"https:\/\/www.rgequip.com\/index.php?rest_route=%2Fwp%2Fv2%2Fcomments&post=18347"}],"version-history":[{"count":0,"href":"https:\/\/www.rgequip.com\/index.php?rest_route=\/wp\/v2\/product\/18347\/revisions"}],"wp:featuredmedia":[{"embeddable":true,"href":"https:\/\/www.rgequip.com\/index.php?rest_route=\/wp\/v2\/media\/18350"}],"wp:attachment":[{"href":"https:\/\/www.rgequip.com\/index.php?rest_route=%2Fwp%2Fv2%2Fmedia&parent=18347"}],"wp:term":[{"taxonomy":"product_brand","embeddable":true,"href":"https:\/\/www.rgequip.com\/index.php?rest_route=%2Fwp%2Fv2%2Fproduct_brand&post=18347"},{"taxonomy":"product_cat","embeddable":true,"href":"https:\/\/www.rgequip.com\/index.php?rest_route=%2Fwp%2Fv2%2Fproduct_cat&post=18347"},{"taxonomy":"product_tag","embeddable":true,"href":"https:\/\/www.rgequip.com\/index.php?rest_route=%2Fwp%2Fv2%2Fproduct_tag&post=18347"}],"curies":[{"name":"wp","href":"https:\/\/api.w.org\/{rel}","templated":true}]}}