{"id":18345,"date":"2020-07-21T16:10:32","date_gmt":"2020-07-21T14:10:32","guid":{"rendered":"https:\/\/www.rgequip.com\/?post_type=product&#038;p=18345"},"modified":"2020-07-21T16:51:48","modified_gmt":"2020-07-21T14:51:48","slug":"four-gaz-10-niveaux","status":"publish","type":"product","link":"https:\/\/www.rgequip.com\/?product=four-gaz-10-niveaux","title":{"rendered":"Four Gaz 10 niveaux"},"content":{"rendered":"<ul>\n<li>cuisson par vapeur et par convection<\/li>\n<li>Possibilit\u00e9 de m\u00e9moriser les programmes de cuisson avec nom et images<\/li>\n<li>Muni d\u2019une technologie brise-goutte pour une excellente humidit\u00e9 Refroidissement automatique<\/li>\n<li>Syst\u00e8me autonettoyant<\/li>\n<li>R\u00e9gulation num\u00e9rique de l\u2019injection d\u2019eau<\/li>\n<li>Syst\u00e8me de verre interne facile \u00e0 nettoyer<\/li>\n<li>une structure d\u2019isolation thermique avec \u00e9clairage int\u00e9gr\u00e9 dans la porte<\/li>\n<\/ul>\n","protected":false},"excerpt":{"rendered":"<p>cuisson par vapeur et par convection Possibilit\u00e9 de m\u00e9moriser les programmes de cuisson avec nom et images Muni d\u2019une technologie<\/p>\n","protected":false},"featured_media":18351,"comment_status":"open","ping_status":"closed","template":"","meta":[],"product_brand":[],"product_cat":[369,385],"product_tag":[],"class_list":{"0":"post-18345","1":"product","2":"type-product","3":"status-publish","4":"has-post-thumbnail","6":"product_cat-boulangerie","7":"product_cat-four-ventiles-sans-chariot","9":"first","10":"instock","11":"shipping-taxable","12":"product-type-simple"},"_links":{"self":[{"href":"https:\/\/www.rgequip.com\/index.php?rest_route=\/wp\/v2\/product\/18345","targetHints":{"allow":["GET"]}}],"collection":[{"href":"https:\/\/www.rgequip.com\/index.php?rest_route=\/wp\/v2\/product"}],"about":[{"href":"https:\/\/www.rgequip.com\/index.php?rest_route=\/wp\/v2\/types\/product"}],"replies":[{"embeddable":true,"href":"https:\/\/www.rgequip.com\/index.php?rest_route=%2Fwp%2Fv2%2Fcomments&post=18345"}],"version-history":[{"count":0,"href":"https:\/\/www.rgequip.com\/index.php?rest_route=\/wp\/v2\/product\/18345\/revisions"}],"wp:featuredmedia":[{"embeddable":true,"href":"https:\/\/www.rgequip.com\/index.php?rest_route=\/wp\/v2\/media\/18351"}],"wp:attachment":[{"href":"https:\/\/www.rgequip.com\/index.php?rest_route=%2Fwp%2Fv2%2Fmedia&parent=18345"}],"wp:term":[{"taxonomy":"product_brand","embeddable":true,"href":"https:\/\/www.rgequip.com\/index.php?rest_route=%2Fwp%2Fv2%2Fproduct_brand&post=18345"},{"taxonomy":"product_cat","embeddable":true,"href":"https:\/\/www.rgequip.com\/index.php?rest_route=%2Fwp%2Fv2%2Fproduct_cat&post=18345"},{"taxonomy":"product_tag","embeddable":true,"href":"https:\/\/www.rgequip.com\/index.php?rest_route=%2Fwp%2Fv2%2Fproduct_tag&post=18345"}],"curies":[{"name":"wp","href":"https:\/\/api.w.org\/{rel}","templated":true}]}}