{"id":18339,"date":"2020-07-21T15:36:05","date_gmt":"2020-07-21T13:36:05","guid":{"rendered":"https:\/\/www.rgequip.com\/?post_type=product&#038;p=18339"},"modified":"2020-07-21T15:36:05","modified_gmt":"2020-07-21T13:36:05","slug":"spatule-de-patisserie","status":"publish","type":"product","link":"https:\/\/www.rgequip.com\/?product=spatule-de-patisserie","title":{"rendered":"Spatule de Patisserie"},"content":{"rendered":"<p>Spatule coud\u00e9e lame inox souple 13 cm<\/p>\n<p>Spatule professionnelle \u00e0 lame inox flexible,<\/p>\n<p>parfaite pour le travail du chocolat, le gla\u00e7age des g\u00e2teaux et le lissage des appareils \u00e0 entremets.<\/p>\n","protected":false},"excerpt":{"rendered":"<p>Spatule coud\u00e9e lame inox souple 13 cm Spatule professionnelle \u00e0 lame inox flexible, parfaite pour le travail du chocolat, le<\/p>\n","protected":false},"featured_media":18340,"comment_status":"open","ping_status":"closed","template":"","meta":[],"product_brand":[],"product_cat":[369,340,337,355],"product_tag":[],"class_list":{"0":"post-18339","1":"product","2":"type-product","3":"status-publish","4":"has-post-thumbnail","6":"product_cat-boulangerie","7":"product_cat-accessoires-preparation","8":"product_cat-preparation","9":"product_cat-ustensils","11":"first","12":"instock","13":"shipping-taxable","14":"product-type-simple"},"_links":{"self":[{"href":"https:\/\/www.rgequip.com\/index.php?rest_route=\/wp\/v2\/product\/18339","targetHints":{"allow":["GET"]}}],"collection":[{"href":"https:\/\/www.rgequip.com\/index.php?rest_route=\/wp\/v2\/product"}],"about":[{"href":"https:\/\/www.rgequip.com\/index.php?rest_route=\/wp\/v2\/types\/product"}],"replies":[{"embeddable":true,"href":"https:\/\/www.rgequip.com\/index.php?rest_route=%2Fwp%2Fv2%2Fcomments&post=18339"}],"version-history":[{"count":0,"href":"https:\/\/www.rgequip.com\/index.php?rest_route=\/wp\/v2\/product\/18339\/revisions"}],"wp:featuredmedia":[{"embeddable":true,"href":"https:\/\/www.rgequip.com\/index.php?rest_route=\/wp\/v2\/media\/18340"}],"wp:attachment":[{"href":"https:\/\/www.rgequip.com\/index.php?rest_route=%2Fwp%2Fv2%2Fmedia&parent=18339"}],"wp:term":[{"taxonomy":"product_brand","embeddable":true,"href":"https:\/\/www.rgequip.com\/index.php?rest_route=%2Fwp%2Fv2%2Fproduct_brand&post=18339"},{"taxonomy":"product_cat","embeddable":true,"href":"https:\/\/www.rgequip.com\/index.php?rest_route=%2Fwp%2Fv2%2Fproduct_cat&post=18339"},{"taxonomy":"product_tag","embeddable":true,"href":"https:\/\/www.rgequip.com\/index.php?rest_route=%2Fwp%2Fv2%2Fproduct_tag&post=18339"}],"curies":[{"name":"wp","href":"https:\/\/api.w.org\/{rel}","templated":true}]}}