{"id":18333,"date":"2020-07-21T11:26:36","date_gmt":"2020-07-21T09:26:36","guid":{"rendered":"https:\/\/www.rgequip.com\/?post_type=product&#038;p=18333"},"modified":"2020-07-30T12:21:55","modified_gmt":"2020-07-30T10:21:55","slug":"poele-en-aluminium-avec-revetement-antiadhesif-32-cm","status":"publish","type":"product","link":"https:\/\/www.rgequip.com\/?product=poele-en-aluminium-avec-revetement-antiadhesif-32-cm","title":{"rendered":"Po\u00eale en aluminium 32 cm avec rev\u00eatement antiadh\u00e9sif"},"content":{"rendered":"<p>Elle:<\/p>\n<ul>\n<li>distribue de la chaleur sup\u00e9rieur<\/li>\n<li>a un rev\u00eatement int\u00e9rieur antiadh\u00e9sif<\/li>\n<li>poss\u00e8de une poign\u00e9e robustes<\/li>\n<li>est d&#8217;une cuisson efficace<\/li>\n<li>convient pour la cuisson par induction<\/li>\n<li>est robuste<\/li>\n<li>facile \u00e0 nettoyer et est accessible au lave-vaiselle<\/li>\n<\/ul>\n","protected":false},"excerpt":{"rendered":"<p>Elle: distribue de la chaleur sup\u00e9rieur a un rev\u00eatement int\u00e9rieur antiadh\u00e9sif poss\u00e8de une poign\u00e9e robustes est d&#8217;une cuisson efficace convient<\/p>\n","protected":false},"featured_media":18334,"comment_status":"open","ping_status":"closed","template":"","meta":[],"product_brand":[],"product_cat":[340,354,337],"product_tag":[],"class_list":{"0":"post-18333","1":"product","2":"type-product","3":"status-publish","4":"has-post-thumbnail","6":"product_cat-accessoires-preparation","7":"product_cat-poeles","8":"product_cat-preparation","10":"first","11":"instock","12":"shipping-taxable","13":"product-type-simple"},"_links":{"self":[{"href":"https:\/\/www.rgequip.com\/index.php?rest_route=\/wp\/v2\/product\/18333","targetHints":{"allow":["GET"]}}],"collection":[{"href":"https:\/\/www.rgequip.com\/index.php?rest_route=\/wp\/v2\/product"}],"about":[{"href":"https:\/\/www.rgequip.com\/index.php?rest_route=\/wp\/v2\/types\/product"}],"replies":[{"embeddable":true,"href":"https:\/\/www.rgequip.com\/index.php?rest_route=%2Fwp%2Fv2%2Fcomments&post=18333"}],"version-history":[{"count":0,"href":"https:\/\/www.rgequip.com\/index.php?rest_route=\/wp\/v2\/product\/18333\/revisions"}],"wp:featuredmedia":[{"embeddable":true,"href":"https:\/\/www.rgequip.com\/index.php?rest_route=\/wp\/v2\/media\/18334"}],"wp:attachment":[{"href":"https:\/\/www.rgequip.com\/index.php?rest_route=%2Fwp%2Fv2%2Fmedia&parent=18333"}],"wp:term":[{"taxonomy":"product_brand","embeddable":true,"href":"https:\/\/www.rgequip.com\/index.php?rest_route=%2Fwp%2Fv2%2Fproduct_brand&post=18333"},{"taxonomy":"product_cat","embeddable":true,"href":"https:\/\/www.rgequip.com\/index.php?rest_route=%2Fwp%2Fv2%2Fproduct_cat&post=18333"},{"taxonomy":"product_tag","embeddable":true,"href":"https:\/\/www.rgequip.com\/index.php?rest_route=%2Fwp%2Fv2%2Fproduct_tag&post=18333"}],"curies":[{"name":"wp","href":"https:\/\/api.w.org\/{rel}","templated":true}]}}