{"id":18330,"date":"2020-07-21T15:54:32","date_gmt":"2020-07-21T13:54:32","guid":{"rendered":"https:\/\/www.rgequip.com\/?post_type=product&#038;p=18330"},"modified":"2020-07-24T14:25:37","modified_gmt":"2020-07-24T12:25:37","slug":"four-gaz-10-niveaux-gn-1-1","status":"publish","type":"product","link":"https:\/\/www.rgequip.com\/?product=four-gaz-10-niveaux-gn-1-1","title":{"rendered":"Four Electrique 10 Niveaux GN 1\/1 avec commande m\u00e9canique"},"content":{"rendered":"<p>il poss\u00e8de:<\/p>\n<ul>\n<li>syst\u00e8me de ventilateur \u00e0 inversion bidirectionnelle avec r\u00e9gulation \u00e9lectronique d&#8217;injection d&#8217;eau<\/li>\n<li>puis minuterie m\u00e9canique 0-120 avec\u00a0 lampes halog\u00e8nes<\/li>\n<\/ul>\n<p>&nbsp;<\/p>\n","protected":false},"excerpt":{"rendered":"<p>il poss\u00e8de: syst\u00e8me de ventilateur \u00e0 inversion bidirectionnelle avec r\u00e9gulation \u00e9lectronique d&#8217;injection d&#8217;eau puis minuterie m\u00e9canique 0-120 avec\u00a0 lampes halog\u00e8nes<\/p>\n","protected":false},"featured_media":18371,"comment_status":"open","ping_status":"closed","template":"","meta":[],"product_brand":[],"product_cat":[369,372,385],"product_tag":[],"class_list":{"0":"post-18330","1":"product","2":"type-product","3":"status-publish","4":"has-post-thumbnail","6":"product_cat-boulangerie","7":"product_cat-cuisson-boulangerie","8":"product_cat-four-ventiles-sans-chariot","10":"first","11":"instock","12":"shipping-taxable","13":"product-type-simple"},"_links":{"self":[{"href":"https:\/\/www.rgequip.com\/index.php?rest_route=\/wp\/v2\/product\/18330","targetHints":{"allow":["GET"]}}],"collection":[{"href":"https:\/\/www.rgequip.com\/index.php?rest_route=\/wp\/v2\/product"}],"about":[{"href":"https:\/\/www.rgequip.com\/index.php?rest_route=\/wp\/v2\/types\/product"}],"replies":[{"embeddable":true,"href":"https:\/\/www.rgequip.com\/index.php?rest_route=%2Fwp%2Fv2%2Fcomments&post=18330"}],"version-history":[{"count":2,"href":"https:\/\/www.rgequip.com\/index.php?rest_route=\/wp\/v2\/product\/18330\/revisions"}],"predecessor-version":[{"id":18376,"href":"https:\/\/www.rgequip.com\/index.php?rest_route=\/wp\/v2\/product\/18330\/revisions\/18376"}],"wp:featuredmedia":[{"embeddable":true,"href":"https:\/\/www.rgequip.com\/index.php?rest_route=\/wp\/v2\/media\/18371"}],"wp:attachment":[{"href":"https:\/\/www.rgequip.com\/index.php?rest_route=%2Fwp%2Fv2%2Fmedia&parent=18330"}],"wp:term":[{"taxonomy":"product_brand","embeddable":true,"href":"https:\/\/www.rgequip.com\/index.php?rest_route=%2Fwp%2Fv2%2Fproduct_brand&post=18330"},{"taxonomy":"product_cat","embeddable":true,"href":"https:\/\/www.rgequip.com\/index.php?rest_route=%2Fwp%2Fv2%2Fproduct_cat&post=18330"},{"taxonomy":"product_tag","embeddable":true,"href":"https:\/\/www.rgequip.com\/index.php?rest_route=%2Fwp%2Fv2%2Fproduct_tag&post=18330"}],"curies":[{"name":"wp","href":"https:\/\/api.w.org\/{rel}","templated":true}]}}