{"id":18324,"date":"2020-07-13T13:50:26","date_gmt":"2020-07-13T11:50:26","guid":{"rendered":"https:\/\/www.rgequip.com\/?post_type=product&#038;p=18324"},"modified":"2020-07-30T12:22:23","modified_gmt":"2020-07-30T10:22:23","slug":"poele-en-aluminium-avec-revetement-antiadhesif-30-cm","status":"publish","type":"product","link":"https:\/\/www.rgequip.com\/?product=poele-en-aluminium-avec-revetement-antiadhesif-30-cm","title":{"rendered":"Po\u00eale en Aluminium 30 cm avec rev\u00eatement Antiadh\u00e9sif"},"content":{"rendered":"<p>La po\u00e8le poss\u00e8de:<\/p>\n<ul>\n<li>un Rev\u00eatement int\u00e9rieur antiadh\u00e9sif<\/li>\n<li>une Surface ext\u00e9rieure abrasive<\/li>\n<li>un Poign\u00e9e m\u00e9tallique tubulaire<\/li>\n<li>un Rivets en alliage sp\u00e9cial AG5<\/li>\n<li>Convient pour une utilisation dans tous les types de plaques de cuisson sauf l&#8217;induction<\/li>\n<li>\u00c9paisseur: 3,50 mm<\/li>\n<\/ul>\n<p>&nbsp;<\/p>\n","protected":false},"excerpt":{"rendered":"<p>La po\u00e8le poss\u00e8de: un Rev\u00eatement int\u00e9rieur antiadh\u00e9sif une Surface ext\u00e9rieure abrasive un Poign\u00e9e m\u00e9tallique tubulaire un Rivets en alliage sp\u00e9cial<\/p>\n","protected":false},"featured_media":18326,"comment_status":"open","ping_status":"closed","template":"","meta":[],"product_brand":[],"product_cat":[406,340,354,337],"product_tag":[],"class_list":{"0":"post-18324","1":"product","2":"type-product","3":"status-publish","4":"has-post-thumbnail","6":"product_cat-autres-inox","7":"product_cat-accessoires-preparation","8":"product_cat-poeles","9":"product_cat-preparation","11":"first","12":"instock","13":"shipping-taxable","14":"product-type-simple"},"_links":{"self":[{"href":"https:\/\/www.rgequip.com\/index.php?rest_route=\/wp\/v2\/product\/18324","targetHints":{"allow":["GET"]}}],"collection":[{"href":"https:\/\/www.rgequip.com\/index.php?rest_route=\/wp\/v2\/product"}],"about":[{"href":"https:\/\/www.rgequip.com\/index.php?rest_route=\/wp\/v2\/types\/product"}],"replies":[{"embeddable":true,"href":"https:\/\/www.rgequip.com\/index.php?rest_route=%2Fwp%2Fv2%2Fcomments&post=18324"}],"version-history":[{"count":1,"href":"https:\/\/www.rgequip.com\/index.php?rest_route=\/wp\/v2\/product\/18324\/revisions"}],"predecessor-version":[{"id":18327,"href":"https:\/\/www.rgequip.com\/index.php?rest_route=\/wp\/v2\/product\/18324\/revisions\/18327"}],"wp:featuredmedia":[{"embeddable":true,"href":"https:\/\/www.rgequip.com\/index.php?rest_route=\/wp\/v2\/media\/18326"}],"wp:attachment":[{"href":"https:\/\/www.rgequip.com\/index.php?rest_route=%2Fwp%2Fv2%2Fmedia&parent=18324"}],"wp:term":[{"taxonomy":"product_brand","embeddable":true,"href":"https:\/\/www.rgequip.com\/index.php?rest_route=%2Fwp%2Fv2%2Fproduct_brand&post=18324"},{"taxonomy":"product_cat","embeddable":true,"href":"https:\/\/www.rgequip.com\/index.php?rest_route=%2Fwp%2Fv2%2Fproduct_cat&post=18324"},{"taxonomy":"product_tag","embeddable":true,"href":"https:\/\/www.rgequip.com\/index.php?rest_route=%2Fwp%2Fv2%2Fproduct_tag&post=18324"}],"curies":[{"name":"wp","href":"https:\/\/api.w.org\/{rel}","templated":true}]}}