{"id":18305,"date":"2020-07-10T17:54:22","date_gmt":"2020-07-10T15:54:22","guid":{"rendered":"https:\/\/www.rgequip.com\/?post_type=product&#038;p=18305"},"modified":"2020-07-10T18:01:59","modified_gmt":"2020-07-10T16:01:59","slug":"distributeur-dassietes-chaudes-50-assietes","status":"publish","type":"product","link":"https:\/\/www.rgequip.com\/?product=distributeur-dassietes-chaudes-50-assietes","title":{"rendered":"Distributeur d&#8217;assi\u00e8tes Chaudes (50 assi\u00e8tes)"},"content":{"rendered":"<p>Distributeur de plaques chauffantes, utilis\u00e9 dans la restauration, \u00e0 des fins de stockage, de transport, de chauffage et de distribution de plaques.<\/p>\n<ul>\n<li>Bo\u00eetier en acier inoxydable<\/li>\n<li>Nettoyage facile<\/li>\n<li>Design ergonomique<\/li>\n<li>Longue vie<\/li>\n<li>Temp\u00e9rature r\u00e9glable<\/li>\n<li>M\u00e9canisme r\u00e9glable (gamme \u00d8 26- \u00d8 32 cm)<\/li>\n<li>Couverture transparente<\/li>\n<\/ul>\n","protected":false},"excerpt":{"rendered":"<p>Distributeur de plaques chauffantes, utilis\u00e9 dans la restauration, \u00e0 des fins de stockage, de transport, de chauffage et de distribution<\/p>\n","protected":false},"featured_media":18308,"comment_status":"open","ping_status":"closed","template":"","meta":[],"product_brand":[],"product_cat":[395,392],"product_tag":[],"class_list":{"0":"post-18305","1":"product","2":"type-product","3":"status-publish","4":"has-post-thumbnail","6":"product_cat-hygiene","7":"product_cat-laverie-hygiene","9":"first","10":"instock","11":"shipping-taxable","12":"product-type-simple"},"_links":{"self":[{"href":"https:\/\/www.rgequip.com\/index.php?rest_route=\/wp\/v2\/product\/18305","targetHints":{"allow":["GET"]}}],"collection":[{"href":"https:\/\/www.rgequip.com\/index.php?rest_route=\/wp\/v2\/product"}],"about":[{"href":"https:\/\/www.rgequip.com\/index.php?rest_route=\/wp\/v2\/types\/product"}],"replies":[{"embeddable":true,"href":"https:\/\/www.rgequip.com\/index.php?rest_route=%2Fwp%2Fv2%2Fcomments&post=18305"}],"version-history":[{"count":0,"href":"https:\/\/www.rgequip.com\/index.php?rest_route=\/wp\/v2\/product\/18305\/revisions"}],"wp:featuredmedia":[{"embeddable":true,"href":"https:\/\/www.rgequip.com\/index.php?rest_route=\/wp\/v2\/media\/18308"}],"wp:attachment":[{"href":"https:\/\/www.rgequip.com\/index.php?rest_route=%2Fwp%2Fv2%2Fmedia&parent=18305"}],"wp:term":[{"taxonomy":"product_brand","embeddable":true,"href":"https:\/\/www.rgequip.com\/index.php?rest_route=%2Fwp%2Fv2%2Fproduct_brand&post=18305"},{"taxonomy":"product_cat","embeddable":true,"href":"https:\/\/www.rgequip.com\/index.php?rest_route=%2Fwp%2Fv2%2Fproduct_cat&post=18305"},{"taxonomy":"product_tag","embeddable":true,"href":"https:\/\/www.rgequip.com\/index.php?rest_route=%2Fwp%2Fv2%2Fproduct_tag&post=18305"}],"curies":[{"name":"wp","href":"https:\/\/api.w.org\/{rel}","templated":true}]}}