{"id":18301,"date":"2020-07-10T17:37:20","date_gmt":"2020-07-10T15:37:20","guid":{"rendered":"https:\/\/www.rgequip.com\/?post_type=product&#038;p=18301"},"modified":"2020-07-10T17:37:21","modified_gmt":"2020-07-10T15:37:21","slug":"fourneau-gaz-4-feux-sur-four-gaz","status":"publish","type":"product","link":"https:\/\/www.rgequip.com\/?product=fourneau-gaz-4-feux-sur-four-gaz","title":{"rendered":"Fourneau Gaz 4 feux sur four Gaz"},"content":{"rendered":"<p>utilis\u00e9 dans les\u00a0 restaurants\u00a0 pour cuisiner. il poss\u00e8de :<\/p>\n<ul>\n<li>4 plaques de cuisson en combinaison avec un four \u00e0 gaz fixe avec allumage pi\u00e9zo\u00e9lectrique<\/li>\n<li>Dispositifs de s\u00e9curit\u00e9 pour \u00e9teindre les flammes sur tous les br\u00fbleurs ouverts<\/li>\n<li>M\u00e8che \u00e0 combustion constante pour un allumage automatique sur chaque br\u00fbleur pour de meilleures performances<\/li>\n<li>Br\u00fbleurs chrom\u00e9s con\u00e7us pour une puissance, une combustion et une efficacit\u00e9 maximales<\/li>\n<li>Four stationnaire:<\/li>\n<li>La chambre est enti\u00e8rement en acier inoxydable avec un cadre amovible chrom\u00e9 \u00e0 3 niveaux avec des guides pour les \u00e9tag\u00e8res (grilles) \/ plaques \u00e0 p\u00e2tisserie 2 \/ 1GN<\/li>\n<li>Porte en acier inoxydable de 40 mm d&#8217;\u00e9paisseur pour une isolation efficace<\/li>\n<li>Poign\u00e9es de porte ergonomiques et robustes<\/li>\n<li>Br\u00fbleurs \u00e0 gaz micro-perfor\u00e9s en acier inoxydable con\u00e7us pour augmenter l&#8217;efficacit\u00e9 et fournir un chauffage rapide<\/li>\n<li>Thermor\u00e9gulation dans la plage de 100 \u00e0 300 \u00b0 C<\/li>\n<li>Support de porte et cam\u00e9ra avant sans couture nouvellement con\u00e7u pour une fermeture sans rembourrage et hygi\u00e8ne<\/li>\n<li>Po\u00eale \u00e0 gaz \u00e0 4 br\u00fbleurs avec des dimensions adapt\u00e9es pour le gril \/ la batterie de cuisine 2 \/ 1GN<\/li>\n<\/ul>\n","protected":false},"excerpt":{"rendered":"<p>utilis\u00e9 dans les\u00a0 restaurants\u00a0 pour cuisiner. il poss\u00e8de : 4 plaques de cuisson en combinaison avec un four \u00e0 gaz<\/p>\n","protected":false},"featured_media":18302,"comment_status":"open","ping_status":"closed","template":"","meta":[],"product_brand":[],"product_cat":[226,227,237],"product_tag":[],"class_list":{"0":"post-18301","1":"product","2":"type-product","3":"status-publish","4":"has-post-thumbnail","6":"product_cat-cuisson","7":"product_cat-fourneaux","8":"product_cat-series-700-900","10":"first","11":"instock","12":"shipping-taxable","13":"product-type-simple"},"_links":{"self":[{"href":"https:\/\/www.rgequip.com\/index.php?rest_route=\/wp\/v2\/product\/18301","targetHints":{"allow":["GET"]}}],"collection":[{"href":"https:\/\/www.rgequip.com\/index.php?rest_route=\/wp\/v2\/product"}],"about":[{"href":"https:\/\/www.rgequip.com\/index.php?rest_route=\/wp\/v2\/types\/product"}],"replies":[{"embeddable":true,"href":"https:\/\/www.rgequip.com\/index.php?rest_route=%2Fwp%2Fv2%2Fcomments&post=18301"}],"version-history":[{"count":0,"href":"https:\/\/www.rgequip.com\/index.php?rest_route=\/wp\/v2\/product\/18301\/revisions"}],"wp:featuredmedia":[{"embeddable":true,"href":"https:\/\/www.rgequip.com\/index.php?rest_route=\/wp\/v2\/media\/18302"}],"wp:attachment":[{"href":"https:\/\/www.rgequip.com\/index.php?rest_route=%2Fwp%2Fv2%2Fmedia&parent=18301"}],"wp:term":[{"taxonomy":"product_brand","embeddable":true,"href":"https:\/\/www.rgequip.com\/index.php?rest_route=%2Fwp%2Fv2%2Fproduct_brand&post=18301"},{"taxonomy":"product_cat","embeddable":true,"href":"https:\/\/www.rgequip.com\/index.php?rest_route=%2Fwp%2Fv2%2Fproduct_cat&post=18301"},{"taxonomy":"product_tag","embeddable":true,"href":"https:\/\/www.rgequip.com\/index.php?rest_route=%2Fwp%2Fv2%2Fproduct_tag&post=18301"}],"curies":[{"name":"wp","href":"https:\/\/api.w.org\/{rel}","templated":true}]}}