{"id":18300,"date":"2020-07-10T17:26:21","date_gmt":"2020-07-10T15:26:21","guid":{"rendered":"https:\/\/www.rgequip.com\/?post_type=product&#038;p=18300"},"modified":"2020-07-10T17:26:22","modified_gmt":"2020-07-10T15:26:22","slug":"grill-double-electrique-1-2-nervure-1-2-lisse-chrome-a-poser","status":"publish","type":"product","link":"https:\/\/www.rgequip.com\/?product=grill-double-electrique-1-2-nervure-1-2-lisse-chrome-a-poser","title":{"rendered":"Grill Double Electrique 1\/2 Nervure 1\/2 Lisse Chrom\u00e9 \u00e0 poser"},"content":{"rendered":"<p>Toutes les grilles sont con\u00e7ues pour fournir une productivit\u00e9 maximale, des performances exceptionnelles et une temp\u00e9rature uniforme.<\/p>\n<p>Avec les plaques de cuisson ont une finition en acier doux de 15 mm d&#8217;\u00e9paisseur rev\u00eatues de chrome \u00e9tanche \u00e0 l&#8217;eau.<\/p>\n<p>permet de drainer la graisse dans un grand collecteur de 1,5 litre plac\u00e9 sous la surface de cuisson.<\/p>\n<p>muni d&#8217;une protections anti-\u00e9claboussures hautes en acier inoxydable \u00e0 l&#8217;arri\u00e8re et sur les c\u00f4t\u00e9s de la surface de cuisson.<\/p>\n<p>La temp\u00e9rature de la surface de cuisson est r\u00e9glable entre 50 et 300 \u00b0 C avec contr\u00f4le thermostatique.<\/p>\n<p>poss\u00e8de une surface nervure et lisse<\/p>\n","protected":false},"excerpt":{"rendered":"<p>Toutes les grilles sont con\u00e7ues pour fournir une productivit\u00e9 maximale, des performances exceptionnelles et une temp\u00e9rature uniforme. Avec les plaques<\/p>\n","protected":false},"featured_media":18297,"comment_status":"open","ping_status":"closed","template":"","meta":[],"product_brand":[],"product_cat":[226,261,237,235],"product_tag":[],"class_list":{"0":"post-18300","1":"product","2":"type-product","3":"status-publish","4":"has-post-thumbnail","6":"product_cat-cuisson","7":"product_cat-plancha","8":"product_cat-series-700-900","9":"product_cat-snacking","11":"first","12":"instock","13":"shipping-taxable","14":"product-type-simple"},"_links":{"self":[{"href":"https:\/\/www.rgequip.com\/index.php?rest_route=\/wp\/v2\/product\/18300","targetHints":{"allow":["GET"]}}],"collection":[{"href":"https:\/\/www.rgequip.com\/index.php?rest_route=\/wp\/v2\/product"}],"about":[{"href":"https:\/\/www.rgequip.com\/index.php?rest_route=\/wp\/v2\/types\/product"}],"replies":[{"embeddable":true,"href":"https:\/\/www.rgequip.com\/index.php?rest_route=%2Fwp%2Fv2%2Fcomments&post=18300"}],"version-history":[{"count":0,"href":"https:\/\/www.rgequip.com\/index.php?rest_route=\/wp\/v2\/product\/18300\/revisions"}],"wp:featuredmedia":[{"embeddable":true,"href":"https:\/\/www.rgequip.com\/index.php?rest_route=\/wp\/v2\/media\/18297"}],"wp:attachment":[{"href":"https:\/\/www.rgequip.com\/index.php?rest_route=%2Fwp%2Fv2%2Fmedia&parent=18300"}],"wp:term":[{"taxonomy":"product_brand","embeddable":true,"href":"https:\/\/www.rgequip.com\/index.php?rest_route=%2Fwp%2Fv2%2Fproduct_brand&post=18300"},{"taxonomy":"product_cat","embeddable":true,"href":"https:\/\/www.rgequip.com\/index.php?rest_route=%2Fwp%2Fv2%2Fproduct_cat&post=18300"},{"taxonomy":"product_tag","embeddable":true,"href":"https:\/\/www.rgequip.com\/index.php?rest_route=%2Fwp%2Fv2%2Fproduct_tag&post=18300"}],"curies":[{"name":"wp","href":"https:\/\/api.w.org\/{rel}","templated":true}]}}