{"id":18296,"date":"2020-07-10T17:18:51","date_gmt":"2020-07-10T15:18:51","guid":{"rendered":"https:\/\/www.rgequip.com\/?post_type=product&#038;p=18296"},"modified":"2020-07-10T17:26:52","modified_gmt":"2020-07-10T15:26:52","slug":"grill-double-gaz-1-2-nervure-1-2-lisse-chrome","status":"publish","type":"product","link":"https:\/\/www.rgequip.com\/?product=grill-double-gaz-1-2-nervure-1-2-lisse-chrome","title":{"rendered":"Grill Double Gaz 1\/2 Nervure 1\/2 Lisse Chrom\u00e9 \u00e0 poser"},"content":{"rendered":"<p>Con\u00e7u pour une productivit\u00e9 \u00e9lev\u00e9e, des performances exceptionnelles et une distribution uniforme de la chaleur *<\/p>\n<p>Zones de cuisson contr\u00f4l\u00e9es ind\u00e9pendamment pour une \u00e9conomie pendant les p\u00e9riodes calmes<\/p>\n<p>Avec les plaques de cuisson ont une finition en acier doux de 15 mm d&#8217;\u00e9paisseur rev\u00eatues de chrome \u00e9tanche \u00e0 l&#8217;eau.<\/p>\n<p>Grand trou de vidange sur surface de cuisson pour une utilisation et un nettoyage faciles<\/p>\n<p>Grand tiroir de r\u00e9cup\u00e9ration des graisses d&#8217;une capacit\u00e9 de 1,5 litre pour une cuisson sans interruption<\/p>\n<p>Muni d&#8217;une protections anti-\u00e9claboussures hautes en acier inoxydable \u00e0 l&#8217;arri\u00e8re et sur les c\u00f4t\u00e9s de la surface de cuisson.<\/p>\n<p>Chauffage rapide avec br\u00fbleurs en acier inoxydable<\/p>\n<p>Thermostatique contr\u00f4le de la temp\u00e9rature entre 100-300 \u00b0 C *<\/p>\n<p>Allumage par \u00e9tincelle pi\u00e9zo pour plus de s\u00e9curit\u00e9.<\/p>\n<p>Les br\u00fbleurs poss\u00e8de des dispositifs de coupure de flamme.<\/p>\n<p>facil \u00e0 netoyer, rayonnement thermique r\u00e9duit et r\u00e9sistance aux rayures<\/p>\n","protected":false},"excerpt":{"rendered":"<p>Con\u00e7u pour une productivit\u00e9 \u00e9lev\u00e9e, des performances exceptionnelles et une distribution uniforme de la chaleur * Zones de cuisson contr\u00f4l\u00e9es<\/p>\n","protected":false},"featured_media":18297,"comment_status":"open","ping_status":"closed","template":"","meta":[],"product_brand":[],"product_cat":[226,261,237,235],"product_tag":[],"class_list":{"0":"post-18296","1":"product","2":"type-product","3":"status-publish","4":"has-post-thumbnail","6":"product_cat-cuisson","7":"product_cat-plancha","8":"product_cat-series-700-900","9":"product_cat-snacking","11":"first","12":"instock","13":"shipping-taxable","14":"product-type-simple"},"_links":{"self":[{"href":"https:\/\/www.rgequip.com\/index.php?rest_route=\/wp\/v2\/product\/18296","targetHints":{"allow":["GET"]}}],"collection":[{"href":"https:\/\/www.rgequip.com\/index.php?rest_route=\/wp\/v2\/product"}],"about":[{"href":"https:\/\/www.rgequip.com\/index.php?rest_route=\/wp\/v2\/types\/product"}],"replies":[{"embeddable":true,"href":"https:\/\/www.rgequip.com\/index.php?rest_route=%2Fwp%2Fv2%2Fcomments&post=18296"}],"version-history":[{"count":0,"href":"https:\/\/www.rgequip.com\/index.php?rest_route=\/wp\/v2\/product\/18296\/revisions"}],"wp:featuredmedia":[{"embeddable":true,"href":"https:\/\/www.rgequip.com\/index.php?rest_route=\/wp\/v2\/media\/18297"}],"wp:attachment":[{"href":"https:\/\/www.rgequip.com\/index.php?rest_route=%2Fwp%2Fv2%2Fmedia&parent=18296"}],"wp:term":[{"taxonomy":"product_brand","embeddable":true,"href":"https:\/\/www.rgequip.com\/index.php?rest_route=%2Fwp%2Fv2%2Fproduct_brand&post=18296"},{"taxonomy":"product_cat","embeddable":true,"href":"https:\/\/www.rgequip.com\/index.php?rest_route=%2Fwp%2Fv2%2Fproduct_cat&post=18296"},{"taxonomy":"product_tag","embeddable":true,"href":"https:\/\/www.rgequip.com\/index.php?rest_route=%2Fwp%2Fv2%2Fproduct_tag&post=18296"}],"curies":[{"name":"wp","href":"https:\/\/api.w.org\/{rel}","templated":true}]}}