{"id":18294,"date":"2020-07-10T13:54:46","date_gmt":"2020-07-10T11:54:46","guid":{"rendered":"https:\/\/www.rgequip.com\/?post_type=product&#038;p=18294"},"modified":"2020-07-10T13:54:46","modified_gmt":"2020-07-10T11:54:46","slug":"epulcheuse-de-pommes-de-terre-5-kg","status":"publish","type":"product","link":"https:\/\/www.rgequip.com\/?product=epulcheuse-de-pommes-de-terre-5-kg","title":{"rendered":"Epulcheuse de pommes de terre 5 Kg"},"content":{"rendered":"<p>L&#8217;\u00e9plucheur de pommes de terre utilis\u00e9 en restauration (restaurants, caf\u00e9s, fast-food, cantines, h\u00f4pitaux).<\/p>\n<ul>\n<li>Bo\u00eetier en acier inoxydable<\/li>\n<li>La minuterie arr\u00eate automatiquement la machine apr\u00e8s un temps d\u00e9fini<\/li>\n<li>Conforme HACCP<\/li>\n<li>Le moteur a une protection thermique<\/li>\n<li>La sortie des produits \u00e0 travers le couvercle avant<\/li>\n<li>La machine \u00e9pluche et lave automatiquement les pommes de terre<\/li>\n<li>P\u00e8le 5 kg de pommes de terre \u00e0 la fois<\/li>\n<\/ul>\n","protected":false},"excerpt":{"rendered":"<p>L&#8217;\u00e9plucheur de pommes de terre utilis\u00e9 en restauration (restaurants, caf\u00e9s, fast-food, cantines, h\u00f4pitaux). Bo\u00eetier en acier inoxydable La minuterie arr\u00eate<\/p>\n","protected":false},"featured_media":18295,"comment_status":"open","ping_status":"closed","template":"","meta":[],"product_brand":[],"product_cat":[344,365,337],"product_tag":[],"class_list":{"0":"post-18294","1":"product","2":"type-product","3":"status-publish","4":"has-post-thumbnail","6":"product_cat-travail-des-legumes","7":"product_cat-eplucheurs-de-pommes","8":"product_cat-preparation","10":"first","11":"instock","12":"shipping-taxable","13":"product-type-simple"},"_links":{"self":[{"href":"https:\/\/www.rgequip.com\/index.php?rest_route=\/wp\/v2\/product\/18294","targetHints":{"allow":["GET"]}}],"collection":[{"href":"https:\/\/www.rgequip.com\/index.php?rest_route=\/wp\/v2\/product"}],"about":[{"href":"https:\/\/www.rgequip.com\/index.php?rest_route=\/wp\/v2\/types\/product"}],"replies":[{"embeddable":true,"href":"https:\/\/www.rgequip.com\/index.php?rest_route=%2Fwp%2Fv2%2Fcomments&post=18294"}],"version-history":[{"count":0,"href":"https:\/\/www.rgequip.com\/index.php?rest_route=\/wp\/v2\/product\/18294\/revisions"}],"wp:featuredmedia":[{"embeddable":true,"href":"https:\/\/www.rgequip.com\/index.php?rest_route=\/wp\/v2\/media\/18295"}],"wp:attachment":[{"href":"https:\/\/www.rgequip.com\/index.php?rest_route=%2Fwp%2Fv2%2Fmedia&parent=18294"}],"wp:term":[{"taxonomy":"product_brand","embeddable":true,"href":"https:\/\/www.rgequip.com\/index.php?rest_route=%2Fwp%2Fv2%2Fproduct_brand&post=18294"},{"taxonomy":"product_cat","embeddable":true,"href":"https:\/\/www.rgequip.com\/index.php?rest_route=%2Fwp%2Fv2%2Fproduct_cat&post=18294"},{"taxonomy":"product_tag","embeddable":true,"href":"https:\/\/www.rgequip.com\/index.php?rest_route=%2Fwp%2Fv2%2Fproduct_tag&post=18294"}],"curies":[{"name":"wp","href":"https:\/\/api.w.org\/{rel}","templated":true}]}}