{"id":18292,"date":"2020-07-10T13:46:38","date_gmt":"2020-07-10T11:46:38","guid":{"rendered":"https:\/\/www.rgequip.com\/?post_type=product&#038;p=18292"},"modified":"2020-07-10T13:46:38","modified_gmt":"2020-07-10T11:46:38","slug":"epulcheuse-de-pomme-10-kg-avec-filtre-triphase-inox","status":"publish","type":"product","link":"https:\/\/www.rgequip.com\/?product=epulcheuse-de-pomme-10-kg-avec-filtre-triphase-inox","title":{"rendered":"Epulcheuse de pomme 10 Kg avec filtre triphas\u00e9 inox"},"content":{"rendered":"<p>Il poss\u00e8de :<\/p>\n<ul>\n<li>un Corps en acier inoxydable.<\/li>\n<li>\u00a0Machine mod\u00e8le triphas\u00e9e.<\/li>\n<li>un Syst\u00e8me de filtre int\u00e9gr\u00e9.<\/li>\n<li>Le syst\u00e8me de filtre drain\u00e9 non obstruant qui int\u00e9gr\u00e9 sous la machine qui recueille tous les pelures de patate.<\/li>\n<li>La minuterie qui\u00a0 arr\u00eate automatiquement la machine lorsque le temps r\u00e9gl\u00e9 est termin\u00e9.<\/li>\n<li>Compatible avec les exigences HACCP.<\/li>\n<li>Le moteur prot\u00e9g\u00e9 thermiquement.<\/li>\n<li>\u00c9vacuation du couvercle avant.<\/li>\n<li>Il \u00e9pluche et lave automatiquement les pommes de terre.<\/li>\n<\/ul>\n","protected":false},"excerpt":{"rendered":"<p>Il poss\u00e8de : un Corps en acier inoxydable. \u00a0Machine mod\u00e8le triphas\u00e9e. un Syst\u00e8me de filtre int\u00e9gr\u00e9. Le syst\u00e8me de filtre<\/p>\n","protected":false},"featured_media":18293,"comment_status":"open","ping_status":"closed","template":"","meta":[],"product_brand":[],"product_cat":[337,340,365,344,355],"product_tag":[],"class_list":{"0":"post-18292","1":"product","2":"type-product","3":"status-publish","4":"has-post-thumbnail","6":"product_cat-preparation","7":"product_cat-accessoires-preparation","8":"product_cat-eplucheurs-de-pommes","9":"product_cat-travail-des-legumes","10":"product_cat-ustensils","12":"first","13":"instock","14":"shipping-taxable","15":"product-type-simple"},"_links":{"self":[{"href":"https:\/\/www.rgequip.com\/index.php?rest_route=\/wp\/v2\/product\/18292","targetHints":{"allow":["GET"]}}],"collection":[{"href":"https:\/\/www.rgequip.com\/index.php?rest_route=\/wp\/v2\/product"}],"about":[{"href":"https:\/\/www.rgequip.com\/index.php?rest_route=\/wp\/v2\/types\/product"}],"replies":[{"embeddable":true,"href":"https:\/\/www.rgequip.com\/index.php?rest_route=%2Fwp%2Fv2%2Fcomments&post=18292"}],"version-history":[{"count":0,"href":"https:\/\/www.rgequip.com\/index.php?rest_route=\/wp\/v2\/product\/18292\/revisions"}],"wp:featuredmedia":[{"embeddable":true,"href":"https:\/\/www.rgequip.com\/index.php?rest_route=\/wp\/v2\/media\/18293"}],"wp:attachment":[{"href":"https:\/\/www.rgequip.com\/index.php?rest_route=%2Fwp%2Fv2%2Fmedia&parent=18292"}],"wp:term":[{"taxonomy":"product_brand","embeddable":true,"href":"https:\/\/www.rgequip.com\/index.php?rest_route=%2Fwp%2Fv2%2Fproduct_brand&post=18292"},{"taxonomy":"product_cat","embeddable":true,"href":"https:\/\/www.rgequip.com\/index.php?rest_route=%2Fwp%2Fv2%2Fproduct_cat&post=18292"},{"taxonomy":"product_tag","embeddable":true,"href":"https:\/\/www.rgequip.com\/index.php?rest_route=%2Fwp%2Fv2%2Fproduct_tag&post=18292"}],"curies":[{"name":"wp","href":"https:\/\/api.w.org\/{rel}","templated":true}]}}