{"id":18289,"date":"2020-07-10T13:22:31","date_gmt":"2020-07-10T11:22:31","guid":{"rendered":"https:\/\/www.rgequip.com\/?post_type=product&#038;p=18289"},"modified":"2021-03-30T15:33:46","modified_gmt":"2021-03-30T13:33:46","slug":"bateur-melangeur-10-l-monophase-avec-convertisseur-de-frequence","status":"publish","type":"product","link":"https:\/\/www.rgequip.com\/?product=bateur-melangeur-10-l-monophase-avec-convertisseur-de-frequence","title":{"rendered":"Batteur M\u00e9langeur 10 l monophas\u00e9 avec convertisseur de fr\u00e9quence"},"content":{"rendered":"<p>L&#8217;appareil de m\u00e9lange et la chaudi\u00e8re sont en acier inoxydable.<\/p>\n<p>Mod\u00e8le monophas\u00e9.<\/p>\n<p>Le corps principal, les outils de m\u00e9lange et le bol sont en acier inoxydable.<\/p>\n<p>3 outils diff\u00e9rents pour battre, m\u00e9langer, p\u00e9trir.<\/p>\n<p>Il fonctionne avec un variateur de vitesse et peut fonctionner \u00e0 diff\u00e9rentes vitesses entre 40 et 160 tr \/ min.<\/p>\n<p>Il fonctionne sans bruit ni vibration.<\/p>\n<p>cage protecteur\u00a0 command\u00e9 par interrupteur.<\/p>\n","protected":false},"excerpt":{"rendered":"<p>L&#8217;appareil de m\u00e9lange et la chaudi\u00e8re sont en acier inoxydable. Mod\u00e8le monophas\u00e9. Le corps principal, les outils de m\u00e9lange et<\/p>\n","protected":false},"featured_media":18291,"comment_status":"open","ping_status":"closed","template":"","meta":[],"product_brand":[],"product_cat":[369,390,375],"product_tag":[],"class_list":{"0":"post-18289","1":"product","2":"type-product","3":"status-publish","4":"has-post-thumbnail","6":"product_cat-boulangerie","7":"product_cat-batteurs-melangeurs","8":"product_cat-patisserie-et-specialistes","10":"first","11":"instock","12":"shipping-taxable","13":"product-type-simple"},"_links":{"self":[{"href":"https:\/\/www.rgequip.com\/index.php?rest_route=\/wp\/v2\/product\/18289","targetHints":{"allow":["GET"]}}],"collection":[{"href":"https:\/\/www.rgequip.com\/index.php?rest_route=\/wp\/v2\/product"}],"about":[{"href":"https:\/\/www.rgequip.com\/index.php?rest_route=\/wp\/v2\/types\/product"}],"replies":[{"embeddable":true,"href":"https:\/\/www.rgequip.com\/index.php?rest_route=%2Fwp%2Fv2%2Fcomments&post=18289"}],"version-history":[{"count":0,"href":"https:\/\/www.rgequip.com\/index.php?rest_route=\/wp\/v2\/product\/18289\/revisions"}],"wp:featuredmedia":[{"embeddable":true,"href":"https:\/\/www.rgequip.com\/index.php?rest_route=\/wp\/v2\/media\/18291"}],"wp:attachment":[{"href":"https:\/\/www.rgequip.com\/index.php?rest_route=%2Fwp%2Fv2%2Fmedia&parent=18289"}],"wp:term":[{"taxonomy":"product_brand","embeddable":true,"href":"https:\/\/www.rgequip.com\/index.php?rest_route=%2Fwp%2Fv2%2Fproduct_brand&post=18289"},{"taxonomy":"product_cat","embeddable":true,"href":"https:\/\/www.rgequip.com\/index.php?rest_route=%2Fwp%2Fv2%2Fproduct_cat&post=18289"},{"taxonomy":"product_tag","embeddable":true,"href":"https:\/\/www.rgequip.com\/index.php?rest_route=%2Fwp%2Fv2%2Fproduct_tag&post=18289"}],"curies":[{"name":"wp","href":"https:\/\/api.w.org\/{rel}","templated":true}]}}