{"id":18283,"date":"2020-07-10T13:08:37","date_gmt":"2020-07-10T11:08:37","guid":{"rendered":"https:\/\/www.rgequip.com\/?post_type=product&#038;p=18283"},"modified":"2020-07-10T13:35:13","modified_gmt":"2020-07-10T11:35:13","slug":"sauteuse-electrique-80-litre","status":"publish","type":"product","link":"https:\/\/www.rgequip.com\/?product=sauteuse-electrique-80-litre","title":{"rendered":"Sauteuse \u00c9lectrique 80 Litre"},"content":{"rendered":"<p>La base de la casserole en acier inoxydable de haute qualit\u00e9 permettant ainsi une r\u00e9sistance accrue \u00e0 la corrosion.<\/p>\n<p>Temp\u00e9rature r\u00e9glable entre 50 et 300 \u00b0 C.<br \/>\nLe r\u00e9gulateur d\u2019\u00e9nergie, permet de r\u00e9gler la puissance.<br \/>\nAvec le mat\u00e9riau isolant autour de la casserole ne diffuse pas beaucoup de chaleur.<br \/>\nLe m\u00e9canisme de levage manuel est disponible en standard dans les cas d\u2019inclinaison.<\/p>\n","protected":false},"excerpt":{"rendered":"<p>La base de la casserole en acier inoxydable de haute qualit\u00e9 permettant ainsi une r\u00e9sistance accrue \u00e0 la corrosion. Temp\u00e9rature<\/p>\n","protected":false},"featured_media":18290,"comment_status":"open","ping_status":"closed","template":"","meta":[],"product_brand":[],"product_cat":[226,239,227,237],"product_tag":[],"class_list":{"0":"post-18283","1":"product","2":"type-product","3":"status-publish","4":"has-post-thumbnail","6":"product_cat-cuisson","7":"product_cat-braise-marmite","8":"product_cat-fourneaux","9":"product_cat-series-700-900","11":"first","12":"instock","13":"shipping-taxable","14":"product-type-simple"},"_links":{"self":[{"href":"https:\/\/www.rgequip.com\/index.php?rest_route=\/wp\/v2\/product\/18283","targetHints":{"allow":["GET"]}}],"collection":[{"href":"https:\/\/www.rgequip.com\/index.php?rest_route=\/wp\/v2\/product"}],"about":[{"href":"https:\/\/www.rgequip.com\/index.php?rest_route=\/wp\/v2\/types\/product"}],"replies":[{"embeddable":true,"href":"https:\/\/www.rgequip.com\/index.php?rest_route=%2Fwp%2Fv2%2Fcomments&post=18283"}],"version-history":[{"count":0,"href":"https:\/\/www.rgequip.com\/index.php?rest_route=\/wp\/v2\/product\/18283\/revisions"}],"wp:featuredmedia":[{"embeddable":true,"href":"https:\/\/www.rgequip.com\/index.php?rest_route=\/wp\/v2\/media\/18290"}],"wp:attachment":[{"href":"https:\/\/www.rgequip.com\/index.php?rest_route=%2Fwp%2Fv2%2Fmedia&parent=18283"}],"wp:term":[{"taxonomy":"product_brand","embeddable":true,"href":"https:\/\/www.rgequip.com\/index.php?rest_route=%2Fwp%2Fv2%2Fproduct_brand&post=18283"},{"taxonomy":"product_cat","embeddable":true,"href":"https:\/\/www.rgequip.com\/index.php?rest_route=%2Fwp%2Fv2%2Fproduct_cat&post=18283"},{"taxonomy":"product_tag","embeddable":true,"href":"https:\/\/www.rgequip.com\/index.php?rest_route=%2Fwp%2Fv2%2Fproduct_tag&post=18283"}],"curies":[{"name":"wp","href":"https:\/\/api.w.org\/{rel}","templated":true}]}}