{"id":18282,"date":"2020-07-10T12:52:45","date_gmt":"2020-07-10T10:52:45","guid":{"rendered":"https:\/\/www.rgequip.com\/?post_type=product&#038;p=18282"},"modified":"2020-07-10T12:52:45","modified_gmt":"2020-07-10T10:52:45","slug":"chafing-dish-gn-1-2-finition-satine","status":"publish","type":"product","link":"https:\/\/www.rgequip.com\/?product=chafing-dish-gn-1-2-finition-satine","title":{"rendered":"Chafing Dish Gn 1\/2 finition satin\u00e9"},"content":{"rendered":"<p>Id\u00e9al pour les buffets et la restauration.<\/p>\n<p>En utilisant un mat\u00e9riau de haute qualit\u00e9 et une belle finition, ces plats de frottement donnent \u00e0 chaque plat pr\u00e9sent\u00e9 une certaine allure.<\/p>\n<p>Les r\u00e9chauds et accessoires\u00a0 fabriqu\u00e9s enti\u00e8rement en acier inoxydable durable.<\/p>\n<p>Le couvercle\u00a0 \u00e9quip\u00e9 d&#8217;un frein \u00e0 friction.<\/p>\n<p>Le couvercle se retire pour faciliter le nettoyage.<\/p>\n<p>Fourni avec :<\/p>\n<ul>\n<li>un bac \u00e0 eau amovible,<\/li>\n<li>un bac \u00e0 nourriture GN 1\/1 de 65 mm de profondeur et 1 porte-bidons de r\u00e9chaud.<\/li>\n<\/ul>\n","protected":false},"excerpt":{"rendered":"<p>Id\u00e9al pour les buffets et la restauration. En utilisant un mat\u00e9riau de haute qualit\u00e9 et une belle finition, ces plats<\/p>\n","protected":false},"featured_media":18284,"comment_status":"open","ping_status":"closed","template":"","meta":[],"product_brand":[],"product_cat":[313,301],"product_tag":[],"class_list":{"0":"post-18282","1":"product","2":"type-product","3":"status-publish","4":"has-post-thumbnail","6":"product_cat-maintien-chaud","7":"product_cat-bain-marie","9":"first","10":"instock","11":"shipping-taxable","12":"product-type-simple"},"_links":{"self":[{"href":"https:\/\/www.rgequip.com\/index.php?rest_route=\/wp\/v2\/product\/18282","targetHints":{"allow":["GET"]}}],"collection":[{"href":"https:\/\/www.rgequip.com\/index.php?rest_route=\/wp\/v2\/product"}],"about":[{"href":"https:\/\/www.rgequip.com\/index.php?rest_route=\/wp\/v2\/types\/product"}],"replies":[{"embeddable":true,"href":"https:\/\/www.rgequip.com\/index.php?rest_route=%2Fwp%2Fv2%2Fcomments&post=18282"}],"version-history":[{"count":0,"href":"https:\/\/www.rgequip.com\/index.php?rest_route=\/wp\/v2\/product\/18282\/revisions"}],"wp:featuredmedia":[{"embeddable":true,"href":"https:\/\/www.rgequip.com\/index.php?rest_route=\/wp\/v2\/media\/18284"}],"wp:attachment":[{"href":"https:\/\/www.rgequip.com\/index.php?rest_route=%2Fwp%2Fv2%2Fmedia&parent=18282"}],"wp:term":[{"taxonomy":"product_brand","embeddable":true,"href":"https:\/\/www.rgequip.com\/index.php?rest_route=%2Fwp%2Fv2%2Fproduct_brand&post=18282"},{"taxonomy":"product_cat","embeddable":true,"href":"https:\/\/www.rgequip.com\/index.php?rest_route=%2Fwp%2Fv2%2Fproduct_cat&post=18282"},{"taxonomy":"product_tag","embeddable":true,"href":"https:\/\/www.rgequip.com\/index.php?rest_route=%2Fwp%2Fv2%2Fproduct_tag&post=18282"}],"curies":[{"name":"wp","href":"https:\/\/api.w.org\/{rel}","templated":true}]}}