{"id":18270,"date":"2020-07-10T12:18:34","date_gmt":"2020-07-10T10:18:34","guid":{"rendered":"https:\/\/www.rgequip.com\/?post_type=product&#038;p=18270"},"modified":"2020-07-10T13:30:33","modified_gmt":"2020-07-10T11:30:33","slug":"mallette-de-couteaux-510-x-50-x-170-mm","status":"publish","type":"product","link":"https:\/\/www.rgequip.com\/?product=mallette-de-couteaux-510-x-50-x-170-mm","title":{"rendered":"Mallette de Couteaux 510 x 50 x 170 mm"},"content":{"rendered":"<p>Mallette vendue vide, compacte, disposant d&#8217;un espace suffisamment grand pour 10 couteaux et des accessoires<br \/>\nLes couteaux prot\u00e9g\u00e9s par un tissu fix\u00e9 avec un zip ou du velcro.<br \/>\nGrande poche pour un bloc-notes, 4 petites poches pour des cartes de visite et un emplacement pour stylos ou autres accessoires.<br \/>\nLa longueur de la bandouli\u00e8re s&#8217;ajust\u00e9e entre 77 cm et 127 cm.<\/p>\n","protected":false},"excerpt":{"rendered":"<p>Mallette vendue vide, compacte, disposant d&#8217;un espace suffisamment grand pour 10 couteaux et des accessoires Les couteaux prot\u00e9g\u00e9s par un<\/p>\n","protected":false},"featured_media":18274,"comment_status":"open","ping_status":"closed","template":"","meta":[],"product_brand":[],"product_cat":[337,340,355],"product_tag":[],"class_list":{"0":"post-18270","1":"product","2":"type-product","3":"status-publish","4":"has-post-thumbnail","6":"product_cat-preparation","7":"product_cat-accessoires-preparation","8":"product_cat-ustensils","10":"first","11":"instock","12":"shipping-taxable","13":"product-type-simple"},"_links":{"self":[{"href":"https:\/\/www.rgequip.com\/index.php?rest_route=\/wp\/v2\/product\/18270","targetHints":{"allow":["GET"]}}],"collection":[{"href":"https:\/\/www.rgequip.com\/index.php?rest_route=\/wp\/v2\/product"}],"about":[{"href":"https:\/\/www.rgequip.com\/index.php?rest_route=\/wp\/v2\/types\/product"}],"replies":[{"embeddable":true,"href":"https:\/\/www.rgequip.com\/index.php?rest_route=%2Fwp%2Fv2%2Fcomments&post=18270"}],"version-history":[{"count":1,"href":"https:\/\/www.rgequip.com\/index.php?rest_route=\/wp\/v2\/product\/18270\/revisions"}],"predecessor-version":[{"id":18278,"href":"https:\/\/www.rgequip.com\/index.php?rest_route=\/wp\/v2\/product\/18270\/revisions\/18278"}],"wp:featuredmedia":[{"embeddable":true,"href":"https:\/\/www.rgequip.com\/index.php?rest_route=\/wp\/v2\/media\/18274"}],"wp:attachment":[{"href":"https:\/\/www.rgequip.com\/index.php?rest_route=%2Fwp%2Fv2%2Fmedia&parent=18270"}],"wp:term":[{"taxonomy":"product_brand","embeddable":true,"href":"https:\/\/www.rgequip.com\/index.php?rest_route=%2Fwp%2Fv2%2Fproduct_brand&post=18270"},{"taxonomy":"product_cat","embeddable":true,"href":"https:\/\/www.rgequip.com\/index.php?rest_route=%2Fwp%2Fv2%2Fproduct_cat&post=18270"},{"taxonomy":"product_tag","embeddable":true,"href":"https:\/\/www.rgequip.com\/index.php?rest_route=%2Fwp%2Fv2%2Fproduct_tag&post=18270"}],"curies":[{"name":"wp","href":"https:\/\/api.w.org\/{rel}","templated":true}]}}