{"id":18268,"date":"2020-07-10T11:29:30","date_gmt":"2020-07-10T09:29:30","guid":{"rendered":"https:\/\/www.rgequip.com\/?post_type=product&#038;p=18268"},"modified":"2020-07-10T11:29:31","modified_gmt":"2020-07-10T09:29:31","slug":"trousse-decoration-6-pieces","status":"publish","type":"product","link":"https:\/\/www.rgequip.com\/?product=trousse-decoration-6-pieces","title":{"rendered":"Trousse D\u00e9coration 6 pi\u00e8ces"},"content":{"rendered":"<p>Fourre-tout avec:<\/p>\n<p>&#8211; Cuill\u00e8re \u00e0 melon double<\/p>\n<p>&#8211; Carottier \u00e0 pommes 20 mm<\/p>\n<p>&#8211; Couteau de d\u00e9coration<\/p>\n<p>&#8211; Cuill\u00e8re \u00e0 melon serr\u00e9e<\/p>\n<p>&#8211; Zeste de citron<\/p>\n<p>&#8211; Couteau \u00e0 canal<\/p>\n","protected":false},"excerpt":{"rendered":"<p>Fourre-tout avec: &#8211; Cuill\u00e8re \u00e0 melon double &#8211; Carottier \u00e0 pommes 20 mm &#8211; Couteau de d\u00e9coration &#8211; Cuill\u00e8re \u00e0<\/p>\n","protected":false},"featured_media":18269,"comment_status":"open","ping_status":"closed","template":"","meta":[],"product_brand":[],"product_cat":[337,340,355],"product_tag":[],"class_list":{"0":"post-18268","1":"product","2":"type-product","3":"status-publish","4":"has-post-thumbnail","6":"product_cat-preparation","7":"product_cat-accessoires-preparation","8":"product_cat-ustensils","10":"first","11":"instock","12":"shipping-taxable","13":"product-type-simple"},"_links":{"self":[{"href":"https:\/\/www.rgequip.com\/index.php?rest_route=\/wp\/v2\/product\/18268","targetHints":{"allow":["GET"]}}],"collection":[{"href":"https:\/\/www.rgequip.com\/index.php?rest_route=\/wp\/v2\/product"}],"about":[{"href":"https:\/\/www.rgequip.com\/index.php?rest_route=\/wp\/v2\/types\/product"}],"replies":[{"embeddable":true,"href":"https:\/\/www.rgequip.com\/index.php?rest_route=%2Fwp%2Fv2%2Fcomments&post=18268"}],"version-history":[{"count":0,"href":"https:\/\/www.rgequip.com\/index.php?rest_route=\/wp\/v2\/product\/18268\/revisions"}],"wp:featuredmedia":[{"embeddable":true,"href":"https:\/\/www.rgequip.com\/index.php?rest_route=\/wp\/v2\/media\/18269"}],"wp:attachment":[{"href":"https:\/\/www.rgequip.com\/index.php?rest_route=%2Fwp%2Fv2%2Fmedia&parent=18268"}],"wp:term":[{"taxonomy":"product_brand","embeddable":true,"href":"https:\/\/www.rgequip.com\/index.php?rest_route=%2Fwp%2Fv2%2Fproduct_brand&post=18268"},{"taxonomy":"product_cat","embeddable":true,"href":"https:\/\/www.rgequip.com\/index.php?rest_route=%2Fwp%2Fv2%2Fproduct_cat&post=18268"},{"taxonomy":"product_tag","embeddable":true,"href":"https:\/\/www.rgequip.com\/index.php?rest_route=%2Fwp%2Fv2%2Fproduct_tag&post=18268"}],"curies":[{"name":"wp","href":"https:\/\/api.w.org\/{rel}","templated":true}]}}